{"id":174,"date":"2026-01-27T18:26:24","date_gmt":"2026-01-27T18:26:24","guid":{"rendered":"https:\/\/eurasiaccounting.com\/?page_id=174"},"modified":"2026-03-09T07:59:34","modified_gmt":"2026-03-09T07:59:34","slug":"konkordato-danismanligi","status":"publish","type":"page","link":"https:\/\/eurasiaccounting.com\/en\/konkordato-danismanligi\/","title":{"rendered":"Concordat Consultancy"},"content":{"rendered":"<div data-elementor-type=\"wp-page\" data-elementor-id=\"174\" class=\"elementor elementor-174\">\n\t\t\t\t<div class=\"elementor-element elementor-element-4f3f6fc0 e-flex e-con-boxed e-con e-parent\" data-id=\"4f3f6fc0\" data-element_type=\"container\" data-e-type=\"container\" data-settings=\"{&quot;background_background&quot;:&quot;classic&quot;}\">\n\t\t\t\t\t<div class=\"e-con-inner\">\n\t\t\t\t<div class=\"elementor-element elementor-element-154ae531 elementor-widget elementor-widget-heading\" data-id=\"154ae531\" data-element_type=\"widget\" data-e-type=\"widget\" data-widget_type=\"heading.default\">\n\t\t\t\t\t<h2 class=\"elementor-heading-title elementor-size-default\">Concordat Consultancy<\/h2>\t\t\t\t<\/div>\n\t\t\t\t<div class=\"elementor-element elementor-element-60d1ab0f elementor-widget elementor-widget-text-editor\" data-id=\"60d1ab0f\" data-element_type=\"widget\" data-e-type=\"widget\" data-widget_type=\"text-editor.default\">\n\t\t\t\t\t\t\t\t\t<p><a href=\"https:\/\/eurasiaccounting.com\/en\/\">Home<\/a> - Concordat Consultancy<\/p>\t\t\t\t\t\t\t\t<\/div>\n\t\t\t\t\t<\/div>\n\t\t\t\t<\/div>\n\t\t<div class=\"elementor-element elementor-element-56178ce0 e-flex e-con-boxed e-con e-parent\" data-id=\"56178ce0\" data-element_type=\"container\" data-e-type=\"container\">\n\t\t\t\t\t<div class=\"e-con-inner\">\n\t\t\t\t<div class=\"elementor-element elementor-element-2c34842b elementor-widget elementor-widget-image\" data-id=\"2c34842b\" data-element_type=\"widget\" data-e-type=\"widget\" data-widget_type=\"image.default\">\n\t\t\t\t\t\t\t\t\t\t\t\t\t\t\t<img fetchpriority=\"high\" decoding=\"async\" width=\"1600\" height=\"1067\" src=\"https:\/\/eurasiaccounting.com\/wp-content\/uploads\/2026\/01\/NSBNJ3Wb.jpg\" class=\"attachment-full size-full wp-image-60\" alt=\"\" srcset=\"https:\/\/eurasiaccounting.com\/wp-content\/uploads\/2026\/01\/NSBNJ3Wb.jpg 1600w, https:\/\/eurasiaccounting.com\/wp-content\/uploads\/2026\/01\/NSBNJ3Wb-300x200.jpg 300w, https:\/\/eurasiaccounting.com\/wp-content\/uploads\/2026\/01\/NSBNJ3Wb-1024x683.jpg 1024w, https:\/\/eurasiaccounting.com\/wp-content\/uploads\/2026\/01\/NSBNJ3Wb-768x512.jpg 768w, https:\/\/eurasiaccounting.com\/wp-content\/uploads\/2026\/01\/NSBNJ3Wb-1536x1024.jpg 1536w\" sizes=\"(max-width: 1600px) 100vw, 1600px\" \/>\t\t\t\t\t\t\t\t\t\t\t\t\t\t\t<\/div>\n\t\t<div class=\"elementor-element elementor-element-5851a6d6 e-con-full e-flex e-con e-child\" data-id=\"5851a6d6\" data-element_type=\"container\" data-e-type=\"container\">\n\t\t<div class=\"elementor-element elementor-element-7fab046c e-con-full e-flex e-con e-child\" data-id=\"7fab046c\" data-element_type=\"container\" data-e-type=\"container\">\n\t\t<div class=\"elementor-element elementor-element-474fda46 e-con-full e-flex e-con e-child\" data-id=\"474fda46\" data-element_type=\"container\" data-e-type=\"container\" data-settings=\"{&quot;background_background&quot;:&quot;classic&quot;}\">\n\t\t<div class=\"elementor-element elementor-element-7386e32f e-con-full e-flex e-con e-child\" data-id=\"7386e32f\" data-element_type=\"container\" data-e-type=\"container\">\n\t\t\t\t<div class=\"elementor-element elementor-element-aaf7c7a elementor-widget elementor-widget-heading\" data-id=\"aaf7c7a\" data-element_type=\"widget\" data-e-type=\"widget\" data-widget_type=\"heading.default\">\n\t\t\t\t\t<h3 class=\"elementor-heading-title elementor-size-default\">Take Control of Your Financial Management<\/h3>\t\t\t\t<\/div>\n\t\t\t\t<div class=\"elementor-element elementor-element-1925695 elementor-widget elementor-widget-text-editor\" data-id=\"1925695\" data-element_type=\"widget\" data-e-type=\"widget\" data-widget_type=\"text-editor.default\">\n\t\t\t\t\t\t\t\t\t<p data-start=\"855\" data-end=\"931\">Build a stronger and more secure financial management structure with accurate accounting data.<\/p>\t\t\t\t\t\t\t\t<\/div>\n\t\t\t\t<div class=\"elementor-element elementor-element-c48bd6a elementor-tablet-align-center elementor-mobile-align-center elementor-align-center elementor-widget elementor-widget-button\" data-id=\"c48bd6a\" data-element_type=\"widget\" data-e-type=\"widget\" data-widget_type=\"button.default\">\n\t\t\t\t\t\t\t\t\t\t<a class=\"elementor-button elementor-button-link elementor-size-sm elementor-animation-float\" href=\"https:\/\/eurasiaccounting.com\/en\/iletisim\/\">\n\t\t\t\t\t\t<span class=\"elementor-button-content-wrapper\">\n\t\t\t\t\t\t<span class=\"elementor-button-icon\">\n\t\t\t\t<i aria-hidden=\"true\" class=\"rtmicon rtmicon-arrow-up-right\"><\/i>\t\t\t<\/span>\n\t\t\t\t\t\t\t\t\t<span class=\"elementor-button-text\">Contact Us<\/span>\n\t\t\t\t\t<\/span>\n\t\t\t\t\t<\/a>\n\t\t\t\t\t\t\t\t<\/div>\n\t\t\t\t<\/div>\n\t\t\t\t<div class=\"elementor-element elementor-element-7f3fe745 elementor-widget__width-initial animated-fast elementor-invisible elementor-widget elementor-widget-image\" data-id=\"7f3fe745\" data-element_type=\"widget\" data-e-type=\"widget\" data-settings=\"{&quot;_animation&quot;:&quot;fadeInUp&quot;}\" data-widget_type=\"image.default\">\n\t\t\t\t\t\t\t\t\t\t\t\t\t\t\t<img decoding=\"async\" width=\"563\" height=\"767\" src=\"https:\/\/eurasiaccounting.com\/wp-content\/uploads\/2026\/01\/LE4UKFA.png\" class=\"attachment-full size-full wp-image-51\" alt=\"\" srcset=\"https:\/\/eurasiaccounting.com\/wp-content\/uploads\/2026\/01\/LE4UKFA.png 563w, https:\/\/eurasiaccounting.com\/wp-content\/uploads\/2026\/01\/LE4UKFA-220x300.png 220w\" sizes=\"(max-width: 563px) 100vw, 563px\" \/>\t\t\t\t\t\t\t\t\t\t\t\t\t\t\t<\/div>\n\t\t\t\t<\/div>\n\t\t\t\t<\/div>\n\t\t<div class=\"elementor-element elementor-element-4d7cb3fb e-con-full e-flex e-con e-child\" data-id=\"4d7cb3fb\" data-element_type=\"container\" data-e-type=\"container\">\n\t\t\t\t<div class=\"elementor-element elementor-element-d55d4a6 elementor-widget elementor-widget-heading\" data-id=\"d55d4a6\" data-element_type=\"widget\" data-e-type=\"widget\" data-widget_type=\"heading.default\">\n\t\t\t\t\t<h2 class=\"elementor-heading-title elementor-size-default\">Concordat Consultancy <\/h2>\t\t\t\t<\/div>\n\t\t<div class=\"elementor-element elementor-element-147115e1 e-con-full e-flex e-con e-child\" data-id=\"147115e1\" data-element_type=\"container\" data-e-type=\"container\">\n\t\t\t\t<div class=\"elementor-element elementor-element-4eb4aac8 elementor-icon-list--layout-inline elementor-list-item-link-full_width elementor-widget elementor-widget-icon-list\" data-id=\"4eb4aac8\" data-element_type=\"widget\" data-e-type=\"widget\" data-widget_type=\"icon-list.default\">\n\t\t\t\t\t\t\t<ul class=\"elementor-icon-list-items elementor-inline-items\">\n\t\t\t\t\t\t\t<li class=\"elementor-icon-list-item elementor-inline-item\">\n\t\t\t\t\t\t\t\t\t\t\t<span class=\"elementor-icon-list-icon\">\n\t\t\t\t\t\t\t<i aria-hidden=\"true\" class=\"icon icon-user-1\"><\/i>\t\t\t\t\t\t<\/span>\n\t\t\t\t\t\t\t\t\t\t<span class=\"elementor-icon-list-text\">EURASIACCOUNTING<\/span>\n\t\t\t\t\t\t\t\t\t<\/li>\n\t\t\t\t\t\t\t\t<li class=\"elementor-icon-list-item elementor-inline-item\">\n\t\t\t\t\t\t\t\t\t\t\t<span class=\"elementor-icon-list-icon\">\n\t\t\t\t\t\t\t<i aria-hidden=\"true\" class=\"icon icon-agenda\"><\/i>\t\t\t\t\t\t<\/span>\n\t\t\t\t\t\t\t\t\t\t<span class=\"elementor-icon-list-text\">Financial Restructuring<\/span>\n\t\t\t\t\t\t\t\t\t<\/li>\n\t\t\t\t\t\t\t\t<li class=\"elementor-icon-list-item elementor-inline-item\">\n\t\t\t\t\t\t\t\t\t\t\t<span class=\"elementor-icon-list-icon\">\n\t\t\t\t\t\t\t<i aria-hidden=\"true\" class=\"icon icon-map-marker1\"><\/i>\t\t\t\t\t\t<\/span>\n\t\t\t\t\t\t\t\t\t\t<span class=\"elementor-icon-list-text\">Istanbul \/ Turkiye<\/span>\n\t\t\t\t\t\t\t\t\t<\/li>\n\t\t\t\t\t\t<\/ul>\n\t\t\t\t\t\t<\/div>\n\t\t\t\t<\/div>\n\t\t\t\t<div class=\"elementor-element elementor-element-40245df9 elementor-widget elementor-widget-text-editor\" data-id=\"40245df9\" data-element_type=\"widget\" data-e-type=\"widget\" data-widget_type=\"text-editor.default\">\n\t\t\t\t\t\t\t\t\t<p>Concordat is an important financial restructuring mechanism under Turkish law for companies whose financial structure has deteriorated but still have the potential to continue their operations. Within the scope of the amendments made to the Enforcement and Bankruptcy Law with Law No. 7101, debtors who are unable to pay their debts on time or who are at risk of insolvency are granted the right to request concordat.\nThe concordat process aims to protect companies from bankruptcy by restructuring debts through installment payments, debt reductions, or the creation of payment plans. In this process, accurate financial analysis, legal compliance, and strategic planning are of critical importance.<\/p>\t\t\t\t\t\t\t\t<\/div>\n\t\t\t\t<div class=\"elementor-element elementor-element-55ea77cb elementor-widget-divider--view-line elementor-widget elementor-widget-divider\" data-id=\"55ea77cb\" data-element_type=\"widget\" data-e-type=\"widget\" data-widget_type=\"divider.default\">\n\t\t\t\t\t\t\t<div class=\"elementor-divider\">\n\t\t\t<span class=\"elementor-divider-separator\">\n\t\t\t\t\t\t<\/span>\n\t\t<\/div>\n\t\t\t\t\t\t<\/div>\n\t\t\t\t<div class=\"elementor-element elementor-element-18d7ec68 elementor-widget elementor-widget-heading\" data-id=\"18d7ec68\" data-element_type=\"widget\" data-e-type=\"widget\" data-widget_type=\"heading.default\">\n\t\t\t\t\t<h3 class=\"elementor-heading-title elementor-size-default\">Scope of Services<\/h3>\t\t\t\t<\/div>\n\t\t\t\t<div class=\"elementor-element elementor-element-3141284c elementor-widget elementor-widget-text-editor\" data-id=\"3141284c\" data-element_type=\"widget\" data-e-type=\"widget\" data-widget_type=\"text-editor.default\">\n\t\t\t\t\t\t\t\t\t<p data-start=\"1351\" data-end=\"1806\">A concordat application may be initiated upon the request of the debtor or upon a justified application by creditors. In the initial stage of the process, a concordat preliminary project is prepared to clearly demonstrate the company\u2019s financial position and payment capacity. This project details the payment ratios and maturities of debts, the extent of concessions to be made by creditors, and how the company will continue its operations. During the temporary moratorium granted by the court, enforcement and seizure proceedings are suspended, allowing the company time to regain financial stability.<\/p>\t\t\t\t\t\t\t\t<\/div>\n\t\t\t\t<div class=\"elementor-element elementor-element-89f6e13 elementor-widget elementor-widget-heading\" data-id=\"89f6e13\" data-element_type=\"widget\" data-e-type=\"widget\" data-widget_type=\"heading.default\">\n\t\t\t\t\t<h3 class=\"elementor-heading-title elementor-size-default\">Solution-Oriented Approach<\/h3>\t\t\t\t<\/div>\n\t\t\t\t<div class=\"elementor-element elementor-element-51e6fa50 elementor-widget elementor-widget-text-editor\" data-id=\"51e6fa50\" data-element_type=\"widget\" data-e-type=\"widget\" data-widget_type=\"text-editor.default\">\n\t\t\t\t\t\t\t\t\t<p data-start=\"1537\" data-end=\"2006\">The success of the concordat preliminary project depends on realistic financial assumptions and an applicable resource planning structure. For medium and large-scale enterprises, the project must be analyzed by independent audit firms, and a financial analysis report must be prepared as required by law. This report demonstrates the feasibility of the concordat proposal and supports the court\u2019s decision-making process. Throughout the process, a concordat commissioner is appointed to closely monitor the company\u2019s financial status and obligations.<\/p>\t\t\t\t\t\t\t\t<\/div>\n\t\t<div class=\"elementor-element elementor-element-76d35f8c e-con-full e-flex e-con e-child\" data-id=\"76d35f8c\" data-element_type=\"container\" data-e-type=\"container\">\n\t\t\t\t<div class=\"elementor-element elementor-element-7af5591b elementor-icon-list--layout-traditional elementor-list-item-link-full_width elementor-invisible elementor-widget elementor-widget-icon-list\" data-id=\"7af5591b\" data-element_type=\"widget\" data-e-type=\"widget\" data-settings=\"{&quot;_animation&quot;:&quot;fadeIn&quot;}\" data-widget_type=\"icon-list.default\">\n\t\t\t\t\t\t\t<ul class=\"elementor-icon-list-items\">\n\t\t\t\t\t\t\t<li class=\"elementor-icon-list-item\">\n\t\t\t\t\t\t\t\t\t\t\t<span class=\"elementor-icon-list-icon\">\n\t\t\t\t\t\t\t<svg aria-hidden=\"true\" class=\"e-font-icon-svg e-fas-check-circle\" viewbox=\"0 0 512 512\" xmlns=\"http:\/\/www.w3.org\/2000\/svg\"><path d=\"M504 256c0 136.967-111.033 248-248 248S8 392.967 8 256 119.033 8 256 8s248 111.033 248 248zM227.314 387.314l184-184c6.248-6.248 6.248-16.379 0-22.627l-22.627-22.627c-6.248-6.249-16.379-6.249-22.628 0L216 308.118l-70.059-70.059c-6.248-6.248-16.379-6.248-22.628 0l-22.627 22.627c-6.248 6.248-6.248 16.379 0 22.627l104 104c6.249 6.249 16.379 6.249 22.628.001z\"><\/path><\/svg>\t\t\t\t\t\t<\/span>\n\t\t\t\t\t\t\t\t\t\t<span class=\"elementor-icon-list-text\">Preparation of the concordat preliminary project<\/span>\n\t\t\t\t\t\t\t\t\t<\/li>\n\t\t\t\t\t\t\t\t<li class=\"elementor-icon-list-item\">\n\t\t\t\t\t\t\t\t\t\t\t<span class=\"elementor-icon-list-icon\">\n\t\t\t\t\t\t\t<svg aria-hidden=\"true\" class=\"e-font-icon-svg e-fas-check-circle\" viewbox=\"0 0 512 512\" xmlns=\"http:\/\/www.w3.org\/2000\/svg\"><path d=\"M504 256c0 136.967-111.033 248-248 248S8 392.967 8 256 119.033 8 256 8s248 111.033 248 248zM227.314 387.314l184-184c6.248-6.248 6.248-16.379 0-22.627l-22.627-22.627c-6.248-6.249-16.379-6.249-22.628 0L216 308.118l-70.059-70.059c-6.248-6.248-16.379-6.248-22.628 0l-22.627 22.627c-6.248 6.248-6.248 16.379 0 22.627l104 104c6.249 6.249 16.379 6.249 22.628.001z\"><\/path><\/svg>\t\t\t\t\t\t<\/span>\n\t\t\t\t\t\t\t\t\t\t<span class=\"elementor-icon-list-text\">Financial analysis and independent audit coordination<\/span>\n\t\t\t\t\t\t\t\t\t<\/li>\n\t\t\t\t\t\t\t\t<li class=\"elementor-icon-list-item\">\n\t\t\t\t\t\t\t\t\t\t\t<span class=\"elementor-icon-list-icon\">\n\t\t\t\t\t\t\t<svg aria-hidden=\"true\" class=\"e-font-icon-svg e-fas-check-circle\" viewbox=\"0 0 512 512\" xmlns=\"http:\/\/www.w3.org\/2000\/svg\"><path d=\"M504 256c0 136.967-111.033 248-248 248S8 392.967 8 256 119.033 8 256 8s248 111.033 248 248zM227.314 387.314l184-184c6.248-6.248 6.248-16.379 0-22.627l-22.627-22.627c-6.248-6.249-16.379-6.249-22.628 0L216 308.118l-70.059-70.059c-6.248-6.248-16.379-6.248-22.628 0l-22.627 22.627c-6.248 6.248-6.248 16.379 0 22.627l104 104c6.249 6.249 16.379 6.249 22.628.001z\"><\/path><\/svg>\t\t\t\t\t\t<\/span>\n\t\t\t\t\t\t\t\t\t\t<span class=\"elementor-icon-list-text\">Monitoring of legal and financial processes<\/span>\n\t\t\t\t\t\t\t\t\t<\/li>\n\t\t\t\t\t\t\t\t<li class=\"elementor-icon-list-item\">\n\t\t\t\t\t\t\t\t\t\t\t<span class=\"elementor-icon-list-icon\">\n\t\t\t\t\t\t\t<svg aria-hidden=\"true\" class=\"e-font-icon-svg e-fas-check-circle\" viewbox=\"0 0 512 512\" xmlns=\"http:\/\/www.w3.org\/2000\/svg\"><path d=\"M504 256c0 136.967-111.033 248-248 248S8 392.967 8 256 119.033 8 256 8s248 111.033 248 248zM227.314 387.314l184-184c6.248-6.248 6.248-16.379 0-22.627l-22.627-22.627c-6.248-6.249-16.379-6.249-22.628 0L216 308.118l-70.059-70.059c-6.248-6.248-16.379-6.248-22.628 0l-22.627 22.627c-6.248 6.248-6.248 16.379 0 22.627l104 104c6.249 6.249 16.379 6.249 22.628.001z\"><\/path><\/svg>\t\t\t\t\t\t<\/span>\n\t\t\t\t\t\t\t\t\t\t<span class=\"elementor-icon-list-text\">Creditor negotiations and reconciliation support<\/span>\n\t\t\t\t\t\t\t\t\t<\/li>\n\t\t\t\t\t\t\t\t<li class=\"elementor-icon-list-item\">\n\t\t\t\t\t\t\t\t\t\t\t<span class=\"elementor-icon-list-icon\">\n\t\t\t\t\t\t\t<svg aria-hidden=\"true\" class=\"e-font-icon-svg e-fas-check-circle\" viewbox=\"0 0 512 512\" xmlns=\"http:\/\/www.w3.org\/2000\/svg\"><path d=\"M504 256c0 136.967-111.033 248-248 248S8 392.967 8 256 119.033 8 256 8s248 111.033 248 248zM227.314 387.314l184-184c6.248-6.248 6.248-16.379 0-22.627l-22.627-22.627c-6.248-6.249-16.379-6.249-22.628 0L216 308.118l-70.059-70.059c-6.248-6.248-16.379-6.248-22.628 0l-22.627 22.627c-6.248 6.248-6.248 16.379 0 22.627l104 104c6.249 6.249 16.379 6.249 22.628.001z\"><\/path><\/svg>\t\t\t\t\t\t<\/span>\n\t\t\t\t\t\t\t\t\t\t<span class=\"elementor-icon-list-text\">Court process management and commissioner reporting<\/span>\n\t\t\t\t\t\t\t\t\t<\/li>\n\t\t\t\t\t\t<\/ul>\n\t\t\t\t\t\t<\/div>\n\t\t\t\t<\/div>\n\t\t\t\t<div class=\"elementor-element elementor-element-7507e77d elementor-widget-divider--view-line elementor-widget elementor-widget-divider\" data-id=\"7507e77d\" data-element_type=\"widget\" data-e-type=\"widget\" data-widget_type=\"divider.default\">\n\t\t\t\t\t\t\t<div class=\"elementor-divider\">\n\t\t\t<span class=\"elementor-divider-separator\">\n\t\t\t\t\t\t<\/span>\n\t\t<\/div>\n\t\t\t\t\t\t<\/div>\n\t\t<div class=\"elementor-element elementor-element-3fe4ffd6 e-con-full e-flex e-con e-child\" data-id=\"3fe4ffd6\" data-element_type=\"container\" data-e-type=\"container\">\n\t\t\t\t<div class=\"elementor-element elementor-element-661a5b10 elementor-widget elementor-widget-image\" data-id=\"661a5b10\" data-element_type=\"widget\" data-e-type=\"widget\" data-widget_type=\"image.default\">\n\t\t\t\t\t\t\t\t\t\t\t\t\t\t\t<img decoding=\"async\" width=\"1600\" height=\"1067\" src=\"https:\/\/eurasiaccounting.com\/wp-content\/uploads\/2026\/01\/G56YAP8a.jpg\" class=\"attachment-full size-full wp-image-71\" alt=\"\" srcset=\"https:\/\/eurasiaccounting.com\/wp-content\/uploads\/2026\/01\/G56YAP8a.jpg 1600w, https:\/\/eurasiaccounting.com\/wp-content\/uploads\/2026\/01\/G56YAP8a-300x200.jpg 300w, https:\/\/eurasiaccounting.com\/wp-content\/uploads\/2026\/01\/G56YAP8a-1024x683.jpg 1024w, https:\/\/eurasiaccounting.com\/wp-content\/uploads\/2026\/01\/G56YAP8a-768x512.jpg 768w, https:\/\/eurasiaccounting.com\/wp-content\/uploads\/2026\/01\/G56YAP8a-1536x1024.jpg 1536w\" sizes=\"(max-width: 1600px) 100vw, 1600px\" \/>\t\t\t\t\t\t\t\t\t\t\t\t\t\t\t<\/div>\n\t\t\t\t<div class=\"elementor-element elementor-element-17840f72 elementor-widget elementor-widget-image\" data-id=\"17840f72\" data-element_type=\"widget\" data-e-type=\"widget\" data-widget_type=\"image.default\">\n\t\t\t\t\t\t\t\t\t\t\t\t\t\t\t<img loading=\"lazy\" decoding=\"async\" width=\"1600\" height=\"1067\" src=\"https:\/\/eurasiaccounting.com\/wp-content\/uploads\/2026\/01\/G5T5CRA.jpg\" class=\"attachment-full size-full wp-image-78\" alt=\"\" srcset=\"https:\/\/eurasiaccounting.com\/wp-content\/uploads\/2026\/01\/G5T5CRA.jpg 1600w, https:\/\/eurasiaccounting.com\/wp-content\/uploads\/2026\/01\/G5T5CRA-300x200.jpg 300w, https:\/\/eurasiaccounting.com\/wp-content\/uploads\/2026\/01\/G5T5CRA-1024x683.jpg 1024w, https:\/\/eurasiaccounting.com\/wp-content\/uploads\/2026\/01\/G5T5CRA-768x512.jpg 768w, https:\/\/eurasiaccounting.com\/wp-content\/uploads\/2026\/01\/G5T5CRA-1536x1024.jpg 1536w\" sizes=\"(max-width: 1600px) 100vw, 1600px\" \/>\t\t\t\t\t\t\t\t\t\t\t\t\t\t\t<\/div>\n\t\t\t\t<div class=\"elementor-element elementor-element-75f2c8c6 elementor-widget elementor-widget-image\" data-id=\"75f2c8c6\" data-element_type=\"widget\" data-e-type=\"widget\" data-widget_type=\"image.default\">\n\t\t\t\t\t\t\t\t\t\t\t\t\t\t\t<img loading=\"lazy\" decoding=\"async\" width=\"1600\" height=\"1067\" src=\"https:\/\/eurasiaccounting.com\/wp-content\/uploads\/2026\/01\/EML3J7R.jpg\" class=\"attachment-full size-full wp-image-82\" alt=\"\" srcset=\"https:\/\/eurasiaccounting.com\/wp-content\/uploads\/2026\/01\/EML3J7R.jpg 1600w, https:\/\/eurasiaccounting.com\/wp-content\/uploads\/2026\/01\/EML3J7R-300x200.jpg 300w, https:\/\/eurasiaccounting.com\/wp-content\/uploads\/2026\/01\/EML3J7R-1024x683.jpg 1024w, https:\/\/eurasiaccounting.com\/wp-content\/uploads\/2026\/01\/EML3J7R-768x512.jpg 768w, https:\/\/eurasiaccounting.com\/wp-content\/uploads\/2026\/01\/EML3J7R-1536x1024.jpg 1536w\" sizes=\"(max-width: 1600px) 100vw, 1600px\" \/>\t\t\t\t\t\t\t\t\t\t\t\t\t\t\t<\/div>\n\t\t\t\t<\/div>\n\t\t\t\t<div class=\"elementor-element elementor-element-6ec57cb1 elementor-widget elementor-widget-text-editor\" data-id=\"6ec57cb1\" data-element_type=\"widget\" data-e-type=\"widget\" data-widget_type=\"text-editor.default\">\n\t\t\t\t\t\t\t\t\t<p data-start=\"2230\" data-end=\"2569\">When managed correctly, the concordat process offers a significant opportunity for companies to sustain their operations and strengthen their financial structure. Our experienced team provides professional consultancy services at every stage, from the concordat application to the final moratorium decision, in full compliance with legislation and with a strong focus on protecting the interests of our clients.<\/p>\t\t\t\t\t\t\t\t<\/div>\n\t\t\t\t<\/div>\n\t\t\t\t<\/div>\n\t\t\t\t\t<\/div>\n\t\t\t\t<\/div>\n\t\t<div class=\"elementor-element elementor-element-1a676a92 e-flex e-con-boxed e-con e-parent\" data-id=\"1a676a92\" data-element_type=\"container\" data-e-type=\"container\" data-settings=\"{&quot;background_background&quot;:&quot;classic&quot;}\">\n\t\t\t\t\t<div class=\"e-con-inner\">\n\t\t<div class=\"elementor-element elementor-element-4046bf89 e-con-full e-flex e-con e-child\" data-id=\"4046bf89\" data-element_type=\"container\" data-e-type=\"container\">\n\t\t<div class=\"elementor-element elementor-element-2c1a01fb e-con-full e-flex e-con e-child\" data-id=\"2c1a01fb\" data-element_type=\"container\" data-e-type=\"container\">\n\t\t\t\t<div class=\"elementor-element elementor-element-6713636 elementor-invisible elementor-widget elementor-widget-heading\" data-id=\"6713636\" data-element_type=\"widget\" data-e-type=\"widget\" data-settings=\"{&quot;_animation&quot;:&quot;fadeInLeft&quot;}\" data-widget_type=\"heading.default\">\n\t\t\t\t\t<h2 class=\"elementor-heading-title elementor-size-default\">Get a Free Preliminary Assessment<\/h2>\t\t\t\t<\/div>\n\t\t\t\t<div class=\"elementor-element elementor-element-95317f2 elementor-widget elementor-widget-text-editor\" data-id=\"95317f2\" data-element_type=\"widget\" data-e-type=\"widget\" data-widget_type=\"text-editor.default\">\n\t\t\t\t\t\t\t\t\t<p data-start=\"569\" data-end=\"684\">We conduct a preliminary analysis of your accounting, tax, and financial processes to determine the most accurate roadmap for your business.<\/p>\t\t\t\t\t\t\t\t<\/div>\n\t\t\t\t<div class=\"elementor-element elementor-element-ace82a1 animated-slow elementor-tablet-align-center elementor-invisible elementor-widget elementor-widget-button\" data-id=\"ace82a1\" data-element_type=\"widget\" data-e-type=\"widget\" data-settings=\"{&quot;_animation&quot;:&quot;fadeInDown&quot;,&quot;_animation_delay&quot;:0}\" data-widget_type=\"button.default\">\n\t\t\t\t\t\t\t\t\t\t<a class=\"elementor-button elementor-button-link elementor-size-sm elementor-animation-float\" href=\"https:\/\/eurasiaccounting.com\/en\/iletisim\/\">\n\t\t\t\t\t\t<span class=\"elementor-button-content-wrapper\">\n\t\t\t\t\t\t\t\t\t<span class=\"elementor-button-text\">Request Consultancy<\/span>\n\t\t\t\t\t<\/span>\n\t\t\t\t\t<\/a>\n\t\t\t\t\t\t\t\t<\/div>\n\t\t\t\t<\/div>\n\t\t<div class=\"elementor-element elementor-element-5a21460 e-con-full e-flex e-con e-child\" data-id=\"5a21460\" data-element_type=\"container\" data-e-type=\"container\">\n\t\t\t\t<\/div>\n\t\t\t\t<\/div>\n\t\t\t\t\t<\/div>\n\t\t\t\t<\/div>\n\t\t\t\t<\/div>","protected":false},"excerpt":{"rendered":"<p>Konkordato Dan\u0131\u015fmanl\u0131\u011f\u0131 Anasayfa &#8211; Konkordato Dan\u0131\u015fmanl\u0131\u011f\u0131 Finansal Kontrol\u00fc Elinize Al\u0131n Do\u011fru muhasebe verileriyle daha g\u00fc\u00e7l\u00fc ve g\u00fcvenli bir mali y\u00f6netim olu\u015fturun. Bize Ula\u015f\u0131n Konkordato Dan\u0131\u015fmanl\u0131\u011f\u0131 EURASIACCOUNTING Finansal Yeniden Yap\u0131lanma \u0130stanbul \/ T\u00fcrkiye Mali yap\u0131s\u0131 bozulan ancak faaliyetlerine devam etme potansiyeli bulunan \u015firketler i\u00e7in konkordato, T\u00fcrk hukukunda \u00f6nemli bir yeniden yap\u0131land\u0131rma arac\u0131d\u0131r. 7101 say\u0131l\u0131 Kanun ile [&hellip;]<\/p>\n","protected":false},"author":1,"featured_media":0,"parent":0,"menu_order":0,"comment_status":"closed","ping_status":"closed","template":"elementor_header_footer","meta":{"footnotes":""},"class_list":["post-174","page","type-page","status-publish","hentry"],"_links":{"self":[{"href":"https:\/\/eurasiaccounting.com\/en\/wp-json\/wp\/v2\/pages\/174","targetHints":{"allow":["GET"]}}],"collection":[{"href":"https:\/\/eurasiaccounting.com\/en\/wp-json\/wp\/v2\/pages"}],"about":[{"href":"https:\/\/eurasiaccounting.com\/en\/wp-json\/wp\/v2\/types\/page"}],"author":[{"embeddable":true,"href":"https:\/\/eurasiaccounting.com\/en\/wp-json\/wp\/v2\/users\/1"}],"replies":[{"embeddable":true,"href":"https:\/\/eurasiaccounting.com\/en\/wp-json\/wp\/v2\/comments?post=174"}],"version-history":[{"count":19,"href":"https:\/\/eurasiaccounting.com\/en\/wp-json\/wp\/v2\/pages\/174\/revisions"}],"predecessor-version":[{"id":384,"href":"https:\/\/eurasiaccounting.com\/en\/wp-json\/wp\/v2\/pages\/174\/revisions\/384"}],"wp:attachment":[{"href":"https:\/\/eurasiaccounting.com\/en\/wp-json\/wp\/v2\/media?parent=174"}],"curies":[{"name":"wp","href":"https:\/\/api.w.org\/{rel}","templated":true}]}}