{"id":9,"date":"2026-01-26T11:16:02","date_gmt":"2026-01-26T11:16:02","guid":{"rendered":"https:\/\/eurasiaccounting.com\/?page_id=9"},"modified":"2026-01-28T06:02:30","modified_gmt":"2026-01-28T06:02:30","slug":"kurumsal","status":"publish","type":"page","link":"https:\/\/eurasiaccounting.com\/en\/kurumsal\/","title":{"rendered":"About Us"},"content":{"rendered":"<div data-elementor-type=\"wp-page\" data-elementor-id=\"9\" class=\"elementor elementor-9\">\n\t\t\t\t<div class=\"elementor-element elementor-element-216bfec1 e-flex e-con-boxed e-con e-parent\" data-id=\"216bfec1\" data-element_type=\"container\" data-e-type=\"container\" data-settings=\"{&quot;background_background&quot;:&quot;classic&quot;}\">\n\t\t\t\t\t<div class=\"e-con-inner\">\n\t\t\t\t<div class=\"elementor-element elementor-element-270ddd13 elementor-widget elementor-widget-heading\" data-id=\"270ddd13\" data-element_type=\"widget\" data-e-type=\"widget\" data-widget_type=\"heading.default\">\n\t\t\t\t\t<h2 class=\"elementor-heading-title elementor-size-default\">About Us<\/h2>\t\t\t\t<\/div>\n\t\t\t\t<div class=\"elementor-element elementor-element-c31ac25 elementor-widget elementor-widget-text-editor\" data-id=\"c31ac25\" data-element_type=\"widget\" data-e-type=\"widget\" data-widget_type=\"text-editor.default\">\n\t\t\t\t\t\t\t\t\t<p><a href=\"https:\/\/eurasiaccounting.com\/en\/\">Home<\/a> &#8211; Kurumsal<\/p>\t\t\t\t\t\t\t\t<\/div>\n\t\t\t\t\t<\/div>\n\t\t\t\t<\/div>\n\t\t<div class=\"elementor-element elementor-element-2b08ed3a e-flex e-con-boxed e-con e-parent\" data-id=\"2b08ed3a\" data-element_type=\"container\" data-e-type=\"container\">\n\t\t\t\t\t<div class=\"e-con-inner\">\n\t\t<div class=\"elementor-element elementor-element-5d42ba89 e-con-full e-flex e-con e-child\" data-id=\"5d42ba89\" data-element_type=\"container\" data-e-type=\"container\">\n\t\t<div class=\"elementor-element elementor-element-7d07aa7a e-con-full e-flex elementor-invisible e-con e-child\" data-id=\"7d07aa7a\" data-element_type=\"container\" data-e-type=\"container\" data-settings=\"{&quot;animation&quot;:&quot;fadeInLeft&quot;}\">\n\t\t\t\t<div class=\"elementor-element elementor-element-6680b24c elementor-widget elementor-widget-image\" data-id=\"6680b24c\" data-element_type=\"widget\" data-e-type=\"widget\" data-widget_type=\"image.default\">\n\t\t\t\t\t\t\t\t\t\t\t\t\t\t\t<img fetchpriority=\"high\" decoding=\"async\" width=\"600\" height=\"800\" src=\"https:\/\/eurasiaccounting.com\/wp-content\/uploads\/2026\/01\/252DHA8a.jpg\" class=\"attachment-full size-full wp-image-75\" alt=\"\" srcset=\"https:\/\/eurasiaccounting.com\/wp-content\/uploads\/2026\/01\/252DHA8a.jpg 600w, https:\/\/eurasiaccounting.com\/wp-content\/uploads\/2026\/01\/252DHA8a-225x300.jpg 225w\" sizes=\"(max-width: 600px) 100vw, 600px\" \/>\t\t\t\t\t\t\t\t\t\t\t\t\t\t\t<\/div>\n\t\t\t\t<\/div>\n\t\t<div class=\"elementor-element elementor-element-603908fb e-con-full e-flex elementor-invisible e-con e-child\" data-id=\"603908fb\" data-element_type=\"container\" data-e-type=\"container\" data-settings=\"{&quot;animation&quot;:&quot;fadeInUp&quot;}\">\n\t\t\t\t<div class=\"elementor-element elementor-element-1c0746d3 elementor-widget elementor-widget-image\" data-id=\"1c0746d3\" data-element_type=\"widget\" data-e-type=\"widget\" data-widget_type=\"image.default\">\n\t\t\t\t\t\t\t\t\t\t\t\t\t\t\t<img decoding=\"async\" width=\"650\" height=\"650\" src=\"https:\/\/eurasiaccounting.com\/wp-content\/uploads\/2026\/01\/CXNR5C9.jpg\" class=\"attachment-full size-full wp-image-79\" alt=\"\" srcset=\"https:\/\/eurasiaccounting.com\/wp-content\/uploads\/2026\/01\/CXNR5C9.jpg 650w, https:\/\/eurasiaccounting.com\/wp-content\/uploads\/2026\/01\/CXNR5C9-300x300.jpg 300w, https:\/\/eurasiaccounting.com\/wp-content\/uploads\/2026\/01\/CXNR5C9-150x150.jpg 150w\" sizes=\"(max-width: 650px) 100vw, 650px\" \/>\t\t\t\t\t\t\t\t\t\t\t\t\t\t\t<\/div>\n\t\t\t\t<\/div>\n\t\t<div class=\"elementor-element elementor-element-4e6dc91a e-con-full e-flex e-con e-child\" data-id=\"4e6dc91a\" data-element_type=\"container\" data-e-type=\"container\" data-settings=\"{&quot;background_background&quot;:&quot;classic&quot;}\">\n\t\t\t\t<div class=\"elementor-element elementor-element-50aeb1db elementor-widget elementor-widget-counter\" data-id=\"50aeb1db\" data-element_type=\"widget\" data-e-type=\"widget\" data-widget_type=\"counter.default\">\n\t\t\t\t\t\t\t<div class=\"elementor-counter\">\n\t\t\t<div class=\"elementor-counter-title\">Years of Experience<\/div>\t\t\t<div class=\"elementor-counter-number-wrapper\">\n\t\t\t\t<span class=\"elementor-counter-number-prefix\"><\/span>\n\t\t\t\t<span class=\"elementor-counter-number\" data-duration=\"2000\" data-to-value=\"25\" data-from-value=\"0\" data-delimiter=\",\">0<\/span>\n\t\t\t\t<span class=\"elementor-counter-number-suffix\">+<\/span>\n\t\t\t<\/div>\n\t\t<\/div>\n\t\t\t\t\t\t<\/div>\n\t\t\t\t<\/div>\n\t\t\t\t<\/div>\n\t\t<div class=\"elementor-element elementor-element-55ae3a28 e-con-full e-flex e-con e-child\" data-id=\"55ae3a28\" data-element_type=\"container\" data-e-type=\"container\">\n\t\t\t\t<div class=\"elementor-element elementor-element-145694cb elementor-widget elementor-widget-heading\" data-id=\"145694cb\" data-element_type=\"widget\" data-e-type=\"widget\" data-widget_type=\"heading.default\">\n\t\t\t\t\t<h5 class=\"elementor-heading-title elementor-size-default\">EURASIACCOUNTING<\/h5>\t\t\t\t<\/div>\n\t\t\t\t<div class=\"elementor-element elementor-element-5f2eb0dc elementor-widget__width-initial elementor-widget elementor-widget-elementskit-heading\" data-id=\"5f2eb0dc\" data-element_type=\"widget\" data-e-type=\"widget\" data-widget_type=\"elementskit-heading.default\">\n\t\t\t\t\t<div class=\"ekit-wid-con\" ><div class=\"ekit-heading elementskit-section-title-wraper text_left   ekit_heading_tablet-   ekit_heading_mobile-text_center\"><h2 class=\"ekit-heading--title elementskit-section-title\">Your <span><span>*Strategic<\/span><\/span> Solution Partner <\/h2><\/div><\/div>\t\t\t\t<\/div>\n\t\t\t\t<div class=\"elementor-element elementor-element-fef71ab animated-fast elementor-invisible elementor-widget elementor-widget-text-editor\" data-id=\"fef71ab\" data-element_type=\"widget\" data-e-type=\"widget\" data-settings=\"{&quot;_animation&quot;:&quot;fadeInDown&quot;}\" data-widget_type=\"text-editor.default\">\n\t\t\t\t\t\t\t\t\t<p data-start=\"1800\" data-end=\"1985\">EURASIACCOUNTING was established to strengthen the financial structures of businesses and to build a transparent and accountable management approach through its team of experienced professionals.<\/p>\t\t\t\t\t\t\t\t<\/div>\n\t\t\t\t<div class=\"elementor-element elementor-element-18483aac elementor-widget-divider--view-line elementor-widget elementor-widget-divider\" data-id=\"18483aac\" data-element_type=\"widget\" data-e-type=\"widget\" data-widget_type=\"divider.default\">\n\t\t\t\t\t\t\t<div class=\"elementor-divider\">\n\t\t\t<span class=\"elementor-divider-separator\">\n\t\t\t\t\t\t<\/span>\n\t\t<\/div>\n\t\t\t\t\t\t<\/div>\n\t\t\t\t<div class=\"elementor-element elementor-element-33450b2 elementor-widget elementor-widget-heading\" data-id=\"33450b2\" data-element_type=\"widget\" data-e-type=\"widget\" data-widget_type=\"heading.default\">\n\t\t\t\t\t<h5 class=\"elementor-heading-title elementor-size-default\">Our Mission<\/h5>\t\t\t\t<\/div>\n\t\t\t\t<div class=\"elementor-element elementor-element-3c8776e elementor-widget elementor-widget-heading\" data-id=\"3c8776e\" data-element_type=\"widget\" data-e-type=\"widget\" data-widget_type=\"heading.default\">\n\t\t\t\t\t<h6 class=\"elementor-heading-title elementor-size-default\">To support the institutionalization of our clients, strengthen their financial management processes, and ensure they benefit from all tax advantages within the framework of applicable legislation.<\/h6>\t\t\t\t<\/div>\n\t\t\t\t<div class=\"elementor-element elementor-element-1d8b981 elementor-widget elementor-widget-heading\" data-id=\"1d8b981\" data-element_type=\"widget\" data-e-type=\"widget\" data-widget_type=\"heading.default\">\n\t\t\t\t\t<h5 class=\"elementor-heading-title elementor-size-default\">Our Vision<\/h5>\t\t\t\t<\/div>\n\t\t\t\t<div class=\"elementor-element elementor-element-33cd374 elementor-widget elementor-widget-heading\" data-id=\"33cd374\" data-element_type=\"widget\" data-e-type=\"widget\" data-widget_type=\"heading.default\">\n\t\t\t\t\t<h6 class=\"elementor-heading-title elementor-size-default\">To become a benchmark brand recognized for its reliability and quality in the field of accounting and financial consultancy.<\/h6>\t\t\t\t<\/div>\n\t\t\t\t<\/div>\n\t\t\t\t\t<\/div>\n\t\t\t\t<\/div>\n\t\t<div class=\"elementor-element elementor-element-8afb2bd e-flex e-con-boxed e-con e-parent\" data-id=\"8afb2bd\" data-element_type=\"container\" data-e-type=\"container\">\n\t\t\t\t\t<div class=\"e-con-inner\">\n\t\t<div class=\"elementor-element elementor-element-cab448a e-con-full e-flex e-con e-child\" data-id=\"cab448a\" data-element_type=\"container\" data-e-type=\"container\">\n\t\t<div class=\"elementor-element elementor-element-cf2ad72 e-con-full e-flex e-con e-child\" data-id=\"cf2ad72\" data-element_type=\"container\" data-e-type=\"container\">\n\t\t<div class=\"elementor-element elementor-element-3d308e8 e-con-full e-flex e-con e-child\" data-id=\"3d308e8\" data-element_type=\"container\" data-e-type=\"container\">\n\t\t<div class=\"elementor-element elementor-element-9dd9b19 e-con-full animated-fast e-flex elementor-invisible e-con e-child\" data-id=\"9dd9b19\" data-element_type=\"container\" data-e-type=\"container\" data-settings=\"{&quot;background_background&quot;:&quot;classic&quot;,&quot;animation&quot;:&quot;fadeInUp&quot;}\">\n\t\t\t\t<div class=\"elementor-element elementor-element-74eb43c ekit-equal-height-disable elementor-widget elementor-widget-elementskit-icon-box\" data-id=\"74eb43c\" data-element_type=\"widget\" data-e-type=\"widget\" data-widget_type=\"elementskit-icon-box.default\">\n\t\t\t\t\t<div class=\"ekit-wid-con\" >        <!-- link opening -->\n                <a href=\"#\" class=\"ekit_global_links\">\n                <!-- end link opening -->\n\n        <div class=\"elementskit-infobox text-left text-left icon-lef-right-aligin elementor-animation- media\">\n                            <div class=\"elementskit-box-header\">\n                <div class=\"elementskit-info-box-icon text-center\">\n                    <img decoding=\"async\" width=\"300\" height=\"300\" src=\"https:\/\/eurasiaccounting.com\/wp-content\/uploads\/2026\/01\/XKC333La.png\" class=\"attachment- size-\" alt=\"\" srcset=\"https:\/\/eurasiaccounting.com\/wp-content\/uploads\/2026\/01\/XKC333La.png 300w, https:\/\/eurasiaccounting.com\/wp-content\/uploads\/2026\/01\/XKC333La-150x150.png 150w\" sizes=\"(max-width: 300px) 100vw, 300px\" \/>                <\/div>\n          <\/div>\n                <div class=\"box-body\">\n                            <h4 class=\"elementskit-info-box-title\">\n                    Client-Centric Approach                <\/h4>\n                                            <\/div>\n        \n        \n                <\/div>\n                <\/a>\n        <\/div>\t\t\t\t<\/div>\n\t\t\t\t<div class=\"elementor-element elementor-element-984f717 elementor-widget elementor-widget-text-editor\" data-id=\"984f717\" data-element_type=\"widget\" data-e-type=\"widget\" data-widget_type=\"text-editor.default\">\n\t\t\t\t\t\t\t\t\t<p data-start=\"2343\" data-end=\"2404\">We deliver sustainable solutions that create long-term value for our clients.<\/p>\t\t\t\t\t\t\t\t<\/div>\n\t\t\t\t<\/div>\n\t\t<div class=\"elementor-element elementor-element-4bd131d e-con-full e-flex elementor-invisible e-con e-child\" data-id=\"4bd131d\" data-element_type=\"container\" data-e-type=\"container\" data-settings=\"{&quot;background_background&quot;:&quot;classic&quot;,&quot;animation&quot;:&quot;fadeInUp&quot;}\">\n\t\t\t\t<div class=\"elementor-element elementor-element-de18619 ekit-equal-height-disable elementor-widget elementor-widget-elementskit-icon-box\" data-id=\"de18619\" data-element_type=\"widget\" data-e-type=\"widget\" data-widget_type=\"elementskit-icon-box.default\">\n\t\t\t\t\t<div class=\"ekit-wid-con\" >        <!-- link opening -->\n                <a href=\"#\" class=\"ekit_global_links\">\n                <!-- end link opening -->\n\n        <div class=\"elementskit-infobox text-left text-left icon-lef-right-aligin elementor-animation- media\">\n                            <div class=\"elementskit-box-header\">\n                <div class=\"elementskit-info-box-icon text-center\">\n                    <img loading=\"lazy\" decoding=\"async\" width=\"300\" height=\"300\" src=\"https:\/\/eurasiaccounting.com\/wp-content\/uploads\/2026\/01\/XKC333Lb.png\" class=\"attachment- size-\" alt=\"\" srcset=\"https:\/\/eurasiaccounting.com\/wp-content\/uploads\/2026\/01\/XKC333Lb.png 300w, https:\/\/eurasiaccounting.com\/wp-content\/uploads\/2026\/01\/XKC333Lb-150x150.png 150w\" sizes=\"(max-width: 300px) 100vw, 300px\" \/>                <\/div>\n          <\/div>\n                <div class=\"box-body\">\n                            <h4 class=\"elementskit-info-box-title\">\n                    Continuous Improvement                <\/h4>\n                                            <\/div>\n        \n        \n                <\/div>\n                <\/a>\n        <\/div>\t\t\t\t<\/div>\n\t\t\t\t<div class=\"elementor-element elementor-element-c3a1322 elementor-widget elementor-widget-text-editor\" data-id=\"c3a1322\" data-element_type=\"widget\" data-e-type=\"widget\" data-widget_type=\"text-editor.default\">\n\t\t\t\t\t\t\t\t\t<p data-start=\"2430\" data-end=\"2482\">We continuously enhance our knowledge and the quality of our services.<\/p>\t\t\t\t\t\t\t\t<\/div>\n\t\t\t\t<\/div>\n\t\t\t\t<\/div>\n\t\t<div class=\"elementor-element elementor-element-1ba2987 e-con-full e-flex e-con e-child\" data-id=\"1ba2987\" data-element_type=\"container\" data-e-type=\"container\">\n\t\t<div class=\"elementor-element elementor-element-b077e2a e-con-full animated-slow e-flex elementor-invisible e-con e-child\" data-id=\"b077e2a\" data-element_type=\"container\" data-e-type=\"container\" data-settings=\"{&quot;background_background&quot;:&quot;classic&quot;,&quot;animation&quot;:&quot;fadeInUp&quot;,&quot;animation_delay&quot;:0}\">\n\t\t\t\t<div class=\"elementor-element elementor-element-f853357 ekit-equal-height-disable elementor-widget elementor-widget-elementskit-icon-box\" data-id=\"f853357\" data-element_type=\"widget\" data-e-type=\"widget\" data-widget_type=\"elementskit-icon-box.default\">\n\t\t\t\t\t<div class=\"ekit-wid-con\" >        <!-- link opening -->\n                <a href=\"#\" class=\"ekit_global_links\">\n                <!-- end link opening -->\n\n        <div class=\"elementskit-infobox text-left text-left icon-lef-right-aligin elementor-animation- media\">\n                            <div class=\"elementskit-box-header\">\n                <div class=\"elementskit-info-box-icon text-center\">\n                    <img loading=\"lazy\" decoding=\"async\" width=\"300\" height=\"300\" src=\"https:\/\/eurasiaccounting.com\/wp-content\/uploads\/2026\/01\/XKC333Lc.png\" class=\"attachment- size-\" alt=\"\" srcset=\"https:\/\/eurasiaccounting.com\/wp-content\/uploads\/2026\/01\/XKC333Lc.png 300w, https:\/\/eurasiaccounting.com\/wp-content\/uploads\/2026\/01\/XKC333Lc-150x150.png 150w\" sizes=\"(max-width: 300px) 100vw, 300px\" \/>                <\/div>\n          <\/div>\n                <div class=\"box-body\">\n                            <h4 class=\"elementskit-info-box-title\">\n                    Team Spirit                <\/h4>\n                                            <\/div>\n        \n        \n                <\/div>\n                <\/a>\n        <\/div>\t\t\t\t<\/div>\n\t\t\t\t<div class=\"elementor-element elementor-element-f9fef45 elementor-widget elementor-widget-text-editor\" data-id=\"f9fef45\" data-element_type=\"widget\" data-e-type=\"widget\" data-widget_type=\"text-editor.default\">\n\t\t\t\t\t\t\t\t\t<p data-start=\"2503\" data-end=\"2564\">We act through collaboration, knowledge sharing, and collective expertise.<\/p>\t\t\t\t\t\t\t\t<\/div>\n\t\t\t\t<\/div>\n\t\t<div class=\"elementor-element elementor-element-8c4fab1 e-con-full animated-slow e-flex elementor-invisible e-con e-child\" data-id=\"8c4fab1\" data-element_type=\"container\" data-e-type=\"container\" data-settings=\"{&quot;background_background&quot;:&quot;classic&quot;,&quot;animation&quot;:&quot;fadeInUp&quot;,&quot;animation_delay&quot;:200}\">\n\t\t\t\t<div class=\"elementor-element elementor-element-092c874 ekit-equal-height-disable elementor-widget elementor-widget-elementskit-icon-box\" data-id=\"092c874\" data-element_type=\"widget\" data-e-type=\"widget\" data-widget_type=\"elementskit-icon-box.default\">\n\t\t\t\t\t<div class=\"ekit-wid-con\" >        <!-- link opening -->\n                <a href=\"#\" class=\"ekit_global_links\">\n                <!-- end link opening -->\n\n        <div class=\"elementskit-infobox text-left text-left icon-lef-right-aligin elementor-animation- media\">\n                            <div class=\"elementskit-box-header\">\n                <div class=\"elementskit-info-box-icon text-center\">\n                    <img loading=\"lazy\" decoding=\"async\" width=\"300\" height=\"300\" src=\"https:\/\/eurasiaccounting.com\/wp-content\/uploads\/2026\/01\/9YGFG68d.png\" class=\"attachment- size-\" alt=\"\" srcset=\"https:\/\/eurasiaccounting.com\/wp-content\/uploads\/2026\/01\/9YGFG68d.png 300w, https:\/\/eurasiaccounting.com\/wp-content\/uploads\/2026\/01\/9YGFG68d-150x150.png 150w\" sizes=\"(max-width: 300px) 100vw, 300px\" \/>                <\/div>\n          <\/div>\n                <div class=\"box-body\">\n                            <h4 class=\"elementskit-info-box-title\">\n                    Transparency and Trust                <\/h4>\n                                            <\/div>\n        \n        \n                <\/div>\n                <\/a>\n        <\/div>\t\t\t\t<\/div>\n\t\t\t\t<div class=\"elementor-element elementor-element-eca8ef5 elementor-widget elementor-widget-text-editor\" data-id=\"eca8ef5\" data-element_type=\"widget\" data-e-type=\"widget\" data-widget_type=\"text-editor.default\">\n\t\t\t\t\t\t\t\t\t<p data-start=\"139\" data-end=\"233\">We adopt a clear and transparent service approach across all financial processes.<\/p>\t\t\t\t\t\t\t\t<\/div>\n\t\t\t\t<\/div>\n\t\t\t\t<\/div>\n\t\t\t\t<\/div>\n\t\t\t\t<\/div>\n\t\t\t\t\t<\/div>\n\t\t\t\t<\/div>\n\t\t\t\t<\/div>","protected":false},"excerpt":{"rendered":"<p>Kurumsal Anasayfa &#8211; Kurumsal Y\u0131ll\u0131k Deneyim 0 + EURASIACCOUNTING G\u00fc\u00e7l\u00fc Mali Yap\u0131lar \u0130\u00e7in *Stratejik \u00c7\u00f6z\u00fcm Orta\u011f\u0131n\u0131z EURASIACCOUNTING; deneyimli profesyonellerden olu\u015fan kadrosu ile i\u015fletmelerin mali yap\u0131s\u0131n\u0131 g\u00fc\u00e7lendirmek, \u015feffaf ve hesap verebilir bir y\u00f6netim anlay\u0131\u015f\u0131 olu\u015fturmak amac\u0131yla kurulmu\u015ftur. Misyonumuz M\u00fckelleflerimizin kurumsalla\u015fmas\u0131n\u0131 sa\u011flamak, mali y\u00f6netim s\u00fcre\u00e7lerini g\u00fc\u00e7lendirmek ve yasal mevzuat \u00e7er\u00e7evesinde t\u00fcm vergisel avantajlardan faydalanmalar\u0131n\u0131 sa\u011flamak. Vizyonumuz Mali [&hellip;]<\/p>\n","protected":false},"author":1,"featured_media":0,"parent":0,"menu_order":0,"comment_status":"closed","ping_status":"closed","template":"elementor_header_footer","meta":{"footnotes":""},"class_list":["post-9","page","type-page","status-publish","hentry"],"_links":{"self":[{"href":"https:\/\/eurasiaccounting.com\/en\/wp-json\/wp\/v2\/pages\/9","targetHints":{"allow":["GET"]}}],"collection":[{"href":"https:\/\/eurasiaccounting.com\/en\/wp-json\/wp\/v2\/pages"}],"about":[{"href":"https:\/\/eurasiaccounting.com\/en\/wp-json\/wp\/v2\/types\/page"}],"author":[{"embeddable":true,"href":"https:\/\/eurasiaccounting.com\/en\/wp-json\/wp\/v2\/users\/1"}],"replies":[{"embeddable":true,"href":"https:\/\/eurasiaccounting.com\/en\/wp-json\/wp\/v2\/comments?post=9"}],"version-history":[{"count":22,"href":"https:\/\/eurasiaccounting.com\/en\/wp-json\/wp\/v2\/pages\/9\/revisions"}],"predecessor-version":[{"id":252,"href":"https:\/\/eurasiaccounting.com\/en\/wp-json\/wp\/v2\/pages\/9\/revisions\/252"}],"wp:attachment":[{"href":"https:\/\/eurasiaccounting.com\/en\/wp-json\/wp\/v2\/media?parent=9"}],"curies":[{"name":"wp","href":"https:\/\/api.w.org\/{rel}","templated":true}]}}