{"id":11,"date":"2026-01-26T11:19:20","date_gmt":"2026-01-26T11:19:20","guid":{"rendered":"https:\/\/eurasiaccounting.com\/?page_id=11"},"modified":"2026-01-28T06:06:55","modified_gmt":"2026-01-28T06:06:55","slug":"hizmet-alanlarimiz","status":"publish","type":"page","link":"https:\/\/eurasiaccounting.com\/tr\/hizmet-alanlarimiz\/","title":{"rendered":"Hizmet Alanlar\u0131m\u0131z"},"content":{"rendered":"\t\t<div data-elementor-type=\"wp-page\" data-elementor-id=\"11\" class=\"elementor elementor-11\">\n\t\t\t\t<div class=\"elementor-element elementor-element-6ea9ed27 e-flex e-con-boxed e-con e-parent\" data-id=\"6ea9ed27\" data-element_type=\"container\" data-e-type=\"container\" data-settings=\"{&quot;background_background&quot;:&quot;classic&quot;}\">\n\t\t\t\t\t<div class=\"e-con-inner\">\n\t\t\t\t<div class=\"elementor-element elementor-element-10f8a1b7 elementor-widget elementor-widget-heading\" data-id=\"10f8a1b7\" data-element_type=\"widget\" data-e-type=\"widget\" data-widget_type=\"heading.default\">\n\t\t\t\t\t<h2 class=\"elementor-heading-title elementor-size-default\">Hizmet Alanlar\u0131m\u0131z<\/h2>\t\t\t\t<\/div>\n\t\t\t\t<div class=\"elementor-element elementor-element-71e29532 elementor-widget elementor-widget-text-editor\" data-id=\"71e29532\" data-element_type=\"widget\" data-e-type=\"widget\" data-widget_type=\"text-editor.default\">\n\t\t\t\t\t\t\t\t\t<p><a href=\"https:\/\/eurasiaccounting.com\/\">Anasayfa<\/a> &#8211; Hizmetlerimiz<\/p>\t\t\t\t\t\t\t\t<\/div>\n\t\t\t\t\t<\/div>\n\t\t\t\t<\/div>\n\t\t<div class=\"elementor-element elementor-element-d396818 e-flex e-con-boxed e-con e-parent\" data-id=\"d396818\" data-element_type=\"container\" data-e-type=\"container\">\n\t\t\t\t\t<div class=\"e-con-inner\">\n\t\t<div class=\"elementor-element elementor-element-6a2891d e-con-full e-flex e-con e-child\" data-id=\"6a2891d\" data-element_type=\"container\" data-e-type=\"container\" data-settings=\"{&quot;background_background&quot;:&quot;classic&quot;}\">\n\t\t<div class=\"elementor-element elementor-element-3ebceb7 e-con-full e-flex e-con e-child\" data-id=\"3ebceb7\" data-element_type=\"container\" data-e-type=\"container\">\n\t\t<div class=\"elementor-element elementor-element-5f053ee e-con-full e-flex e-con e-child\" data-id=\"5f053ee\" data-element_type=\"container\" data-e-type=\"container\">\n\t\t\t\t<div class=\"elementor-element elementor-element-e457d57 elementor-widget elementor-widget-heading\" data-id=\"e457d57\" data-element_type=\"widget\" data-e-type=\"widget\" data-widget_type=\"heading.default\">\n\t\t\t\t\t<h5 class=\"elementor-heading-title elementor-size-default\">Hizmetlerimiz<\/h5>\t\t\t\t<\/div>\n\t\t\t\t<div class=\"elementor-element elementor-element-9e2fbc3 elementor-widget elementor-widget-elementskit-heading\" data-id=\"9e2fbc3\" data-element_type=\"widget\" data-e-type=\"widget\" data-widget_type=\"elementskit-heading.default\">\n\t\t\t\t\t<div class=\"ekit-wid-con\" ><div class=\"ekit-heading elementskit-section-title-wraper text_left   ekit_heading_tablet-text_center   ekit_heading_mobile-\"><h2 class=\"ekit-heading--title elementskit-section-title \"><span><span>*Stratejik<\/span><\/span> Muhasebe, G\u00fc\u00e7l\u00fc \u0130\u015fletmeler<\/h2><\/div><\/div>\t\t\t\t<\/div>\n\t\t\t\t<\/div>\n\t\t<div class=\"elementor-element elementor-element-bc7615e e-con-full e-flex e-con e-child\" data-id=\"bc7615e\" data-element_type=\"container\" data-e-type=\"container\">\n\t\t\t\t<div class=\"elementor-element elementor-element-b91230c elementor-widget elementor-widget-text-editor\" data-id=\"b91230c\" data-element_type=\"widget\" data-e-type=\"widget\" data-widget_type=\"text-editor.default\">\n\t\t\t\t\t\t\t\t\t<p data-start=\"1100\" data-end=\"1201\">Muhasebe, vergi ve denetim alanlar\u0131nda g\u00fcvenilir ve profesyonel hizmet anlay\u0131\u015f\u0131yla de\u011fer yarat\u0131yoruz. \u0130\u015fletmenizin finansal yap\u0131s\u0131n\u0131 analiz ediyor, yasal mevzuata uygun ve \u00f6l\u00e7\u00fclebilir mali \u00e7\u00f6z\u00fcmler geli\u015ftiriyoruz.<\/p>\t\t\t\t\t\t\t\t<\/div>\n\t\t\t\t<\/div>\n\t\t\t\t<\/div>\n\t\t\t\t<div class=\"elementor-element elementor-element-14ec53b elementor-widget-divider--view-line elementor-widget elementor-widget-divider\" data-id=\"14ec53b\" data-element_type=\"widget\" data-e-type=\"widget\" data-widget_type=\"divider.default\">\n\t\t\t\t\t\t\t<div class=\"elementor-divider\">\n\t\t\t<span class=\"elementor-divider-separator\">\n\t\t\t\t\t\t<\/span>\n\t\t<\/div>\n\t\t\t\t\t\t<\/div>\n\t\t<div class=\"elementor-element elementor-element-ad8c028 e-con-full e-flex e-con e-child\" data-id=\"ad8c028\" data-element_type=\"container\" data-e-type=\"container\">\n\t\t<div class=\"elementor-element elementor-element-086092e e-con-full e-flex e-con e-child\" data-id=\"086092e\" data-element_type=\"container\" data-e-type=\"container\">\n\t\t\t\t<div class=\"elementor-element elementor-element-9ea1e68 animated-fast ekit-equal-height-disable elementor-invisible elementor-widget elementor-widget-elementskit-icon-box\" data-id=\"9ea1e68\" data-element_type=\"widget\" data-e-type=\"widget\" data-settings=\"{&quot;_animation&quot;:&quot;fadeInUp&quot;}\" data-widget_type=\"elementskit-icon-box.default\">\n\t\t\t\t\t<div class=\"ekit-wid-con\" >        <!-- link opening -->\n                <!-- end link opening -->\n\n        <div class=\"elementskit-infobox text-left text-left icon-top-align elementor-animation-float   \">\n                    <div class=\"elementskit-box-header elementor-animation-\">\n                <div class=\"elementskit-info-box-icon  \">\n                    <i aria-hidden=\"true\" class=\"elementkit-infobox-icon icon icon-book\"><\/i>\n                <\/div>\n          <\/div>\n                        <div class=\"box-body\">\n                            <h4 class=\"elementskit-info-box-title\">\n                    Mali M\u00fc\u015favirlik                <\/h4>\n                        \t\t  \t<p>Muhasebe sistemlerinizi mevzuata uygun \u015fekilde kurar, i\u015fletmenizin mali s\u00fcre\u00e7lerini g\u00fcvenle y\u00f6netiriz.<\/p>\n                                        <div class=\"box-footer disable_hover_button\">\n                    <div class=\"btn-wraper\">\n                                                            <a class=\"elementskit-btn whitespace--normal\" href=\"https:\/\/eurasiaccounting.com\/mali-musavirlik\/\">\n                                        <i aria-hidden=\"true\" class=\"rtmicon rtmicon-arrow-up-right\"><\/i>                                         \u0130ncele                                    <\/a>\n                                                        <\/div>\n                <\/div>\n                    <\/div>\n        \n        \n                <\/div>\n        <\/div>\t\t\t\t<\/div>\n\t\t\t\t<div class=\"elementor-element elementor-element-113cad0 ekit-equal-height-disable elementor-invisible elementor-widget elementor-widget-elementskit-icon-box\" data-id=\"113cad0\" data-element_type=\"widget\" data-e-type=\"widget\" data-settings=\"{&quot;_animation&quot;:&quot;fadeInUp&quot;}\" data-widget_type=\"elementskit-icon-box.default\">\n\t\t\t\t\t<div class=\"ekit-wid-con\" >        <!-- link opening -->\n                <!-- end link opening -->\n\n        <div class=\"elementskit-infobox text-left text-left icon-top-align elementor-animation-float  gradient-active  hover_from_right\">\n                    <div class=\"elementskit-box-header elementor-animation-\">\n                <div class=\"elementskit-info-box-icon  \">\n                    <i aria-hidden=\"true\" class=\"elementkit-infobox-icon icon icon-calculator2\"><\/i>\n                <\/div>\n          <\/div>\n                        <div class=\"box-body\">\n                            <h4 class=\"elementskit-info-box-title\">\n                    Vergi Dan\u0131\u015fmanl\u0131\u011f\u0131                <\/h4>\n                        \t\t  \t<p>Vergi risklerini minimize eder, yasal avantajlar\u0131 maksimum seviyede kullanman\u0131z\u0131 sa\u011flar\u0131z.<\/p>\n                                        <div class=\"box-footer disable_hover_button\">\n                    <div class=\"btn-wraper\">\n                                                            <a class=\"elementskit-btn whitespace--normal\" href=\"https:\/\/eurasiaccounting.com\/vergi-danismanligi\/\">\n                                        <i aria-hidden=\"true\" class=\"rtmicon rtmicon-arrow-up-right\"><\/i>                                        \u0130ncele                                    <\/a>\n                                                        <\/div>\n                <\/div>\n                    <\/div>\n        \n        \n                <\/div>\n        <\/div>\t\t\t\t<\/div>\n\t\t\t\t<\/div>\n\t\t<div class=\"elementor-element elementor-element-612737d e-con-full e-flex e-con e-child\" data-id=\"612737d\" data-element_type=\"container\" data-e-type=\"container\">\n\t\t\t\t<div class=\"elementor-element elementor-element-6c1ff1c animated-slow ekit-equal-height-disable elementor-invisible elementor-widget elementor-widget-elementskit-icon-box\" data-id=\"6c1ff1c\" data-element_type=\"widget\" data-e-type=\"widget\" data-settings=\"{&quot;_animation&quot;:&quot;fadeInUp&quot;,&quot;_animation_delay&quot;:0}\" data-widget_type=\"elementskit-icon-box.default\">\n\t\t\t\t\t<div class=\"ekit-wid-con\" >        <!-- link opening -->\n                <!-- end link opening -->\n\n        <div class=\"elementskit-infobox text-left text-left icon-top-align elementor-animation-float  gradient-active  hover_from_right\">\n                    <div class=\"elementskit-box-header elementor-animation-\">\n                <div class=\"elementskit-info-box-icon  \">\n                    <i aria-hidden=\"true\" class=\"elementkit-infobox-icon icon icon-book1\"><\/i>\n                <\/div>\n          <\/div>\n                        <div class=\"box-body\">\n                            <h4 class=\"elementskit-info-box-title\">\n                    Konkordato Dan\u0131\u015fmanl\u0131\u011f\u0131                <\/h4>\n                        \t\t  \t<p>Mali yap\u0131s\u0131 bozulan i\u015fletmeler i\u00e7in konkordato s\u00fcre\u00e7lerini profesyonel \u015fekilde y\u00f6netiyoruz.<\/p>\n                                        <div class=\"box-footer disable_hover_button\">\n                    <div class=\"btn-wraper\">\n                                                            <a class=\"elementskit-btn whitespace--normal\" href=\"https:\/\/eurasiaccounting.com\/konkordato-danismanligi\/\">\n                                        <i aria-hidden=\"true\" class=\"rtmicon rtmicon-arrow-up-right\"><\/i>                                         \u0130ncele                                    <\/a>\n                                                        <\/div>\n                <\/div>\n                    <\/div>\n        \n        \n                <\/div>\n        <\/div>\t\t\t\t<\/div>\n\t\t\t\t<div class=\"elementor-element elementor-element-f29abb9 animated-slow ekit-equal-height-disable elementor-invisible elementor-widget elementor-widget-elementskit-icon-box\" data-id=\"f29abb9\" data-element_type=\"widget\" data-e-type=\"widget\" data-settings=\"{&quot;_animation&quot;:&quot;fadeInUp&quot;,&quot;_animation_delay&quot;:200}\" data-widget_type=\"elementskit-icon-box.default\">\n\t\t\t\t\t<div class=\"ekit-wid-con\" >        <!-- link opening -->\n                <!-- end link opening -->\n\n        <div class=\"elementskit-infobox text-left text-left icon-top-align elementor-animation-float  gradient-active  hover_from_right\">\n                    <div class=\"elementskit-box-header elementor-animation-\">\n                <div class=\"elementskit-info-box-icon  \">\n                    <i aria-hidden=\"true\" class=\"elementkit-infobox-icon icon icon-team1\"><\/i>\n                <\/div>\n          <\/div>\n                        <div class=\"box-body\">\n                            <h4 class=\"elementskit-info-box-title\">\n                    SGK Dan\u0131\u015fmanl\u0131\u011f\u0131                <\/h4>\n                        \t\t  \t<p>\u0130\u015f ve Sosyal G\u00fcvenlik mevzuat\u0131 kapsam\u0131nda t\u00fcm s\u00fcre\u00e7leri profesyonel \u015fekilde y\u00f6netiyoruz.<\/p>\n                                        <div class=\"box-footer disable_hover_button\">\n                    <div class=\"btn-wraper\">\n                                                            <a class=\"elementskit-btn whitespace--normal\" href=\"https:\/\/eurasiaccounting.com\/sgk-danismanligi\/\">\n                                        <i aria-hidden=\"true\" class=\"rtmicon rtmicon-arrow-up-right\"><\/i>                                         \u0130ncele                                    <\/a>\n                                                        <\/div>\n                <\/div>\n                    <\/div>\n        \n        \n                <\/div>\n        <\/div>\t\t\t\t<\/div>\n\t\t\t\t<\/div>\n\t\t\t\t<\/div>\n\t\t\t\t<\/div>\n\t\t\t\t\t<\/div>\n\t\t\t\t<\/div>\n\t\t\t\t<\/div>\n\t\t","protected":false},"excerpt":{"rendered":"<p>Hizmet Alanlar\u0131m\u0131z Anasayfa &#8211; Hizmetlerimiz Hizmetlerimiz *Stratejik Muhasebe, G\u00fc\u00e7l\u00fc \u0130\u015fletmeler Muhasebe, vergi ve denetim alanlar\u0131nda g\u00fcvenilir ve profesyonel hizmet anlay\u0131\u015f\u0131yla de\u011fer yarat\u0131yoruz. \u0130\u015fletmenizin finansal yap\u0131s\u0131n\u0131 analiz ediyor, yasal mevzuata uygun ve \u00f6l\u00e7\u00fclebilir mali \u00e7\u00f6z\u00fcmler geli\u015ftiriyoruz. Mali M\u00fc\u015favirlik Muhasebe sistemlerinizi mevzuata uygun \u015fekilde kurar, i\u015fletmenizin mali s\u00fcre\u00e7lerini g\u00fcvenle y\u00f6netiriz. \u0130ncele Vergi Dan\u0131\u015fmanl\u0131\u011f\u0131 Vergi risklerini minimize eder, [&hellip;]<\/p>\n","protected":false},"author":1,"featured_media":0,"parent":0,"menu_order":0,"comment_status":"closed","ping_status":"closed","template":"elementor_header_footer","meta":{"footnotes":""},"class_list":["post-11","page","type-page","status-publish","hentry"],"_links":{"self":[{"href":"https:\/\/eurasiaccounting.com\/tr\/wp-json\/wp\/v2\/pages\/11","targetHints":{"allow":["GET"]}}],"collection":[{"href":"https:\/\/eurasiaccounting.com\/tr\/wp-json\/wp\/v2\/pages"}],"about":[{"href":"https:\/\/eurasiaccounting.com\/tr\/wp-json\/wp\/v2\/types\/page"}],"author":[{"embeddable":true,"href":"https:\/\/eurasiaccounting.com\/tr\/wp-json\/wp\/v2\/users\/1"}],"replies":[{"embeddable":true,"href":"https:\/\/eurasiaccounting.com\/tr\/wp-json\/wp\/v2\/comments?post=11"}],"version-history":[{"count":8,"href":"https:\/\/eurasiaccounting.com\/tr\/wp-json\/wp\/v2\/pages\/11\/revisions"}],"predecessor-version":[{"id":429,"href":"https:\/\/eurasiaccounting.com\/tr\/wp-json\/wp\/v2\/pages\/11\/revisions\/429"}],"wp:attachment":[{"href":"https:\/\/eurasiaccounting.com\/tr\/wp-json\/wp\/v2\/media?parent=11"}],"curies":[{"name":"wp","href":"https:\/\/api.w.org\/{rel}","templated":true}]}}