{"id":164,"date":"2026-01-27T18:23:47","date_gmt":"2026-01-27T18:23:47","guid":{"rendered":"https:\/\/eurasiaccounting.com\/?page_id=164"},"modified":"2026-01-28T07:03:21","modified_gmt":"2026-01-28T07:03:21","slug":"mali-musavirlik","status":"publish","type":"page","link":"https:\/\/eurasiaccounting.com\/tr\/mali-musavirlik\/","title":{"rendered":"Mali M\u00fc\u015favirlik"},"content":{"rendered":"\t\t<div data-elementor-type=\"wp-page\" data-elementor-id=\"164\" class=\"elementor elementor-164\">\n\t\t\t\t<div class=\"elementor-element elementor-element-7186b7ec e-flex e-con-boxed e-con e-parent\" data-id=\"7186b7ec\" data-element_type=\"container\" data-e-type=\"container\" data-settings=\"{&quot;background_background&quot;:&quot;classic&quot;}\">\n\t\t\t\t\t<div class=\"e-con-inner\">\n\t\t\t\t<div class=\"elementor-element elementor-element-268a6682 elementor-widget elementor-widget-heading\" data-id=\"268a6682\" data-element_type=\"widget\" data-e-type=\"widget\" data-widget_type=\"heading.default\">\n\t\t\t\t\t<h2 class=\"elementor-heading-title elementor-size-default\">Mali M\u00fc\u015favirlik<\/h2>\t\t\t\t<\/div>\n\t\t\t\t<div class=\"elementor-element elementor-element-2d2670da elementor-widget elementor-widget-text-editor\" data-id=\"2d2670da\" data-element_type=\"widget\" data-e-type=\"widget\" data-widget_type=\"text-editor.default\">\n\t\t\t\t\t\t\t\t\t<p><a href=\"https:\/\/eurasiaccounting.com\/\">Anasayfa<\/a> &#8211; Mali M\u00fc\u015favirlik<\/p>\t\t\t\t\t\t\t\t<\/div>\n\t\t\t\t\t<\/div>\n\t\t\t\t<\/div>\n\t\t<div class=\"elementor-element elementor-element-72ecda36 e-flex e-con-boxed e-con e-parent\" data-id=\"72ecda36\" data-element_type=\"container\" data-e-type=\"container\">\n\t\t\t\t\t<div class=\"e-con-inner\">\n\t\t\t\t<div class=\"elementor-element elementor-element-380c7b6 elementor-widget elementor-widget-image\" data-id=\"380c7b6\" data-element_type=\"widget\" data-e-type=\"widget\" data-widget_type=\"image.default\">\n\t\t\t\t\t\t\t\t\t\t\t\t\t\t\t<img fetchpriority=\"high\" decoding=\"async\" width=\"1600\" height=\"1067\" src=\"https:\/\/eurasiaccounting.com\/wp-content\/uploads\/2026\/01\/NSBNJ3Wb.jpg\" class=\"attachment-full size-full wp-image-60\" alt=\"\" srcset=\"https:\/\/eurasiaccounting.com\/wp-content\/uploads\/2026\/01\/NSBNJ3Wb.jpg 1600w, https:\/\/eurasiaccounting.com\/wp-content\/uploads\/2026\/01\/NSBNJ3Wb-300x200.jpg 300w, https:\/\/eurasiaccounting.com\/wp-content\/uploads\/2026\/01\/NSBNJ3Wb-1024x683.jpg 1024w, https:\/\/eurasiaccounting.com\/wp-content\/uploads\/2026\/01\/NSBNJ3Wb-768x512.jpg 768w, https:\/\/eurasiaccounting.com\/wp-content\/uploads\/2026\/01\/NSBNJ3Wb-1536x1024.jpg 1536w\" sizes=\"(max-width: 1600px) 100vw, 1600px\" \/>\t\t\t\t\t\t\t\t\t\t\t\t\t\t\t<\/div>\n\t\t<div class=\"elementor-element elementor-element-7fedfdd1 e-con-full e-flex e-con e-child\" data-id=\"7fedfdd1\" data-element_type=\"container\" data-e-type=\"container\">\n\t\t<div class=\"elementor-element elementor-element-22726031 e-con-full e-flex e-con e-child\" data-id=\"22726031\" data-element_type=\"container\" data-e-type=\"container\">\n\t\t<div class=\"elementor-element elementor-element-76ae1784 e-con-full e-flex e-con e-child\" data-id=\"76ae1784\" data-element_type=\"container\" data-e-type=\"container\" data-settings=\"{&quot;background_background&quot;:&quot;classic&quot;}\">\n\t\t<div class=\"elementor-element elementor-element-32c66d5d e-con-full e-flex e-con e-child\" data-id=\"32c66d5d\" data-element_type=\"container\" data-e-type=\"container\">\n\t\t\t\t<div class=\"elementor-element elementor-element-36f00d03 elementor-widget elementor-widget-heading\" data-id=\"36f00d03\" data-element_type=\"widget\" data-e-type=\"widget\" data-widget_type=\"heading.default\">\n\t\t\t\t\t<h3 class=\"elementor-heading-title elementor-size-default\">Finansal Kontrol\u00fc Elinize Al\u0131n<\/h3>\t\t\t\t<\/div>\n\t\t\t\t<div class=\"elementor-element elementor-element-70441dc3 elementor-widget elementor-widget-text-editor\" data-id=\"70441dc3\" data-element_type=\"widget\" data-e-type=\"widget\" data-widget_type=\"text-editor.default\">\n\t\t\t\t\t\t\t\t\t<p data-start=\"855\" data-end=\"931\">Do\u011fru muhasebe verileriyle daha g\u00fc\u00e7l\u00fc ve g\u00fcvenli bir mali y\u00f6netim olu\u015fturun.<\/p><p data-start=\"933\" data-end=\"948\">\u00a0<\/p>\t\t\t\t\t\t\t\t<\/div>\n\t\t\t\t<div class=\"elementor-element elementor-element-5f6d4a2b elementor-tablet-align-center elementor-mobile-align-center elementor-align-center elementor-widget elementor-widget-button\" data-id=\"5f6d4a2b\" data-element_type=\"widget\" data-e-type=\"widget\" data-widget_type=\"button.default\">\n\t\t\t\t\t\t\t\t\t\t<a class=\"elementor-button elementor-button-link elementor-size-sm elementor-animation-float\" href=\"https:\/\/eurasiaccounting.com\/iletisim\/\">\n\t\t\t\t\t\t<span class=\"elementor-button-content-wrapper\">\n\t\t\t\t\t\t<span class=\"elementor-button-icon\">\n\t\t\t\t<i aria-hidden=\"true\" class=\"rtmicon rtmicon-arrow-up-right\"><\/i>\t\t\t<\/span>\n\t\t\t\t\t\t\t\t\t<span class=\"elementor-button-text\">Bize Ula\u015f\u0131n<\/span>\n\t\t\t\t\t<\/span>\n\t\t\t\t\t<\/a>\n\t\t\t\t\t\t\t\t<\/div>\n\t\t\t\t<\/div>\n\t\t\t\t<div class=\"elementor-element elementor-element-4501ea99 elementor-widget__width-initial animated-fast elementor-invisible elementor-widget elementor-widget-image\" data-id=\"4501ea99\" data-element_type=\"widget\" data-e-type=\"widget\" data-settings=\"{&quot;_animation&quot;:&quot;fadeInUp&quot;}\" data-widget_type=\"image.default\">\n\t\t\t\t\t\t\t\t\t\t\t\t\t\t\t<img decoding=\"async\" width=\"563\" height=\"767\" src=\"https:\/\/eurasiaccounting.com\/wp-content\/uploads\/2026\/01\/LE4UKFA.png\" class=\"attachment-full size-full wp-image-51\" alt=\"\" srcset=\"https:\/\/eurasiaccounting.com\/wp-content\/uploads\/2026\/01\/LE4UKFA.png 563w, https:\/\/eurasiaccounting.com\/wp-content\/uploads\/2026\/01\/LE4UKFA-220x300.png 220w\" sizes=\"(max-width: 563px) 100vw, 563px\" \/>\t\t\t\t\t\t\t\t\t\t\t\t\t\t\t<\/div>\n\t\t\t\t<\/div>\n\t\t\t\t<\/div>\n\t\t<div class=\"elementor-element elementor-element-2fcf5e9d e-con-full e-flex e-con e-child\" data-id=\"2fcf5e9d\" data-element_type=\"container\" data-e-type=\"container\">\n\t\t\t\t<div class=\"elementor-element elementor-element-7112c75a elementor-widget elementor-widget-heading\" data-id=\"7112c75a\" data-element_type=\"widget\" data-e-type=\"widget\" data-widget_type=\"heading.default\">\n\t\t\t\t\t<h2 class=\"elementor-heading-title elementor-size-default\">Mali M\u00fc\u015favirlik Hizmeti<\/h2>\t\t\t\t<\/div>\n\t\t<div class=\"elementor-element elementor-element-32d73aca e-con-full e-flex e-con e-child\" data-id=\"32d73aca\" data-element_type=\"container\" data-e-type=\"container\">\n\t\t\t\t<div class=\"elementor-element elementor-element-97d9730 elementor-icon-list--layout-inline elementor-list-item-link-full_width elementor-widget elementor-widget-icon-list\" data-id=\"97d9730\" data-element_type=\"widget\" data-e-type=\"widget\" data-widget_type=\"icon-list.default\">\n\t\t\t\t\t\t\t<ul class=\"elementor-icon-list-items elementor-inline-items\">\n\t\t\t\t\t\t\t<li class=\"elementor-icon-list-item elementor-inline-item\">\n\t\t\t\t\t\t\t\t\t\t\t<span class=\"elementor-icon-list-icon\">\n\t\t\t\t\t\t\t<i aria-hidden=\"true\" class=\"icon icon-user-1\"><\/i>\t\t\t\t\t\t<\/span>\n\t\t\t\t\t\t\t\t\t\t<span class=\"elementor-icon-list-text\">EURASIACCOUNTING<\/span>\n\t\t\t\t\t\t\t\t\t<\/li>\n\t\t\t\t\t\t\t\t<li class=\"elementor-icon-list-item elementor-inline-item\">\n\t\t\t\t\t\t\t\t\t\t\t<span class=\"elementor-icon-list-icon\">\n\t\t\t\t\t\t\t<i aria-hidden=\"true\" class=\"icon icon-agenda\"><\/i>\t\t\t\t\t\t<\/span>\n\t\t\t\t\t\t\t\t\t\t<span class=\"elementor-icon-list-text\">Finansal Y\u00f6netim &amp; Muhasebe<\/span>\n\t\t\t\t\t\t\t\t\t<\/li>\n\t\t\t\t\t\t\t\t<li class=\"elementor-icon-list-item elementor-inline-item\">\n\t\t\t\t\t\t\t\t\t\t\t<span class=\"elementor-icon-list-icon\">\n\t\t\t\t\t\t\t<i aria-hidden=\"true\" class=\"icon icon-map-marker1\"><\/i>\t\t\t\t\t\t<\/span>\n\t\t\t\t\t\t\t\t\t\t<span class=\"elementor-icon-list-text\">\u0130stanbul \/ T\u00fcrkiye<\/span>\n\t\t\t\t\t\t\t\t\t<\/li>\n\t\t\t\t\t\t<\/ul>\n\t\t\t\t\t\t<\/div>\n\t\t\t\t<\/div>\n\t\t\t\t<div class=\"elementor-element elementor-element-4a8404b4 elementor-widget elementor-widget-text-editor\" data-id=\"4a8404b4\" data-element_type=\"widget\" data-e-type=\"widget\" data-widget_type=\"text-editor.default\">\n\t\t\t\t\t\t\t\t\t<p>\u0130\u015fletmelerin mali yap\u0131lar\u0131n\u0131n sa\u011fl\u0131kl\u0131 ve s\u00fcrd\u00fcr\u00fclebilir \u015fekilde y\u00f6netilebilmesi i\u00e7in muhasebe sistemlerinin do\u011fru kurgulanmas\u0131 b\u00fcy\u00fck \u00f6nem ta\u015f\u0131r. EURASIACCOUNTING olarak; yerli ve yabanc\u0131 ortakl\u0131 \u015firketlerin kurulu\u015f a\u015famas\u0131ndan ba\u015flayarak, muhasebe sistemlerinin kurulmas\u0131 ve revizyonu s\u00fcre\u00e7lerini mevzuata tam uyumlu \u015fekilde y\u00fcr\u00fctmekteyiz. Yasal defterlerin Vergi Usul Kanunu ve ilgili d\u00fczenlemeler \u00e7er\u00e7evesinde tutulmas\u0131n\u0131 sa\u011flayarak, i\u015fletmelerin mali s\u00fcre\u00e7lerinde g\u00fcvenli ve \u015feffaf bir yap\u0131 olu\u015fturuyoruz.<\/p>\t\t\t\t\t\t\t\t<\/div>\n\t\t\t\t<div class=\"elementor-element elementor-element-8eebfaa elementor-widget elementor-widget-text-editor\" data-id=\"8eebfaa\" data-element_type=\"widget\" data-e-type=\"widget\" data-widget_type=\"text-editor.default\">\n\t\t\t\t\t\t\t\t\t<p data-start=\"892\" data-end=\"1368\">Vergi beyannamelerinin (Kurumlar Vergisi, Katma De\u011fer Vergisi, Muhtasar ve di\u011fer yasal bildirimler) do\u011fru ve zaman\u0131nda haz\u0131rlanmas\u0131, olas\u0131 risklerin \u00f6n\u00fcne ge\u00e7ilmesi a\u00e7\u0131s\u0131ndan kritik \u00f6neme sahiptir. Bu kapsamda t\u00fcm beyan ve bildirim s\u00fcre\u00e7leri titizlikle takip edilmekte, mevzuata uygun \u015fekilde sonu\u00e7land\u0131r\u0131lmaktad\u0131r. Ayn\u0131 zamanda \u015firket faaliyetleri s\u0131ras\u0131nda ortaya \u00e7\u0131kabilecek vergisel sorunlar ile SGK mevzuat\u0131 ve uygulamalar\u0131na ili\u015fkin dan\u0131\u015fmanl\u0131k hizmetleri sunulmaktad\u0131r.<\/p>\t\t\t\t\t\t\t\t<\/div>\n\t\t\t\t<div class=\"elementor-element elementor-element-57481776 elementor-widget-divider--view-line elementor-widget elementor-widget-divider\" data-id=\"57481776\" data-element_type=\"widget\" data-e-type=\"widget\" data-widget_type=\"divider.default\">\n\t\t\t\t\t\t\t<div class=\"elementor-divider\">\n\t\t\t<span class=\"elementor-divider-separator\">\n\t\t\t\t\t\t<\/span>\n\t\t<\/div>\n\t\t\t\t\t\t<\/div>\n\t\t\t\t<div class=\"elementor-element elementor-element-1f2e8b58 elementor-widget elementor-widget-heading\" data-id=\"1f2e8b58\" data-element_type=\"widget\" data-e-type=\"widget\" data-widget_type=\"heading.default\">\n\t\t\t\t\t<h3 class=\"elementor-heading-title elementor-size-default\">Hizmetin Kapsam\u0131<\/h3>\t\t\t\t<\/div>\n\t\t\t\t<div class=\"elementor-element elementor-element-3ccb01d5 elementor-widget elementor-widget-text-editor\" data-id=\"3ccb01d5\" data-element_type=\"widget\" data-e-type=\"widget\" data-widget_type=\"text-editor.default\">\n\t\t\t\t\t\t\t\t\t<p data-start=\"1398\" data-end=\"1804\">Muhasebe s\u00fcre\u00e7lerinin yaln\u0131zca kay\u0131t tutmaktan ibaret olmad\u0131\u011f\u0131 bilinciyle hareket ediyoruz. Muhasebe kay\u0131tlar\u0131nda olu\u015fabilecek hata ve eksiklikler d\u00fczenli olarak kontrol edilerek tespit edilmekte, kay\u0131t ve matematiksel hatalar d\u00fczeltilmektedir. T\u00fcm muhasebe i\u015flemlerinin Muhasebe Sistemi Uygulama Genel Tebli\u011fleri\u2019ne uygunlu\u011fu sa\u011flanarak i\u015fletmenin mali verilerinin do\u011frulu\u011fu g\u00fcvence alt\u0131na al\u0131nmaktad\u0131r.<\/p>\t\t\t\t\t\t\t\t<\/div>\n\t\t\t\t<div class=\"elementor-element elementor-element-b980fcb elementor-widget elementor-widget-text-editor\" data-id=\"b980fcb\" data-element_type=\"widget\" data-e-type=\"widget\" data-widget_type=\"text-editor.default\">\n\t\t\t\t\t\t\t\t\t<p data-start=\"1806\" data-end=\"2129\">Talep edilmesi halinde, oransal analizler ve di\u011fer finansal analiz teknikleri kullan\u0131larak i\u015fletme baz\u0131nda ve sekt\u00f6r baz\u0131nda mali e\u011filimler belirlenmekte, y\u00f6neticilerin karar alma s\u00fcre\u00e7lerine destek olacak raporlamalar haz\u0131rlanmaktad\u0131r. B\u00f6ylece i\u015fletmelerin mali performanslar\u0131 daha net ve \u00f6l\u00e7\u00fclebilir hale getirilmektedir.<\/p>\t\t\t\t\t\t\t\t<\/div>\n\t\t\t\t<div class=\"elementor-element elementor-element-690b8d0 elementor-widget elementor-widget-heading\" data-id=\"690b8d0\" data-element_type=\"widget\" data-e-type=\"widget\" data-widget_type=\"heading.default\">\n\t\t\t\t\t<h3 class=\"elementor-heading-title elementor-size-default\">\u00c7\u00f6z\u00fcm Odakl\u0131 Yakla\u015f\u0131m<\/h3>\t\t\t\t<\/div>\n\t\t\t\t<div class=\"elementor-element elementor-element-4a551a4b elementor-widget elementor-widget-text-editor\" data-id=\"4a551a4b\" data-element_type=\"widget\" data-e-type=\"widget\" data-widget_type=\"text-editor.default\">\n\t\t\t\t\t\t\t\t\t<p data-start=\"2164\" data-end=\"2615\">EURASIACCOUNTING, mali m\u00fc\u015favirlik hizmetlerini yaln\u0131zca ge\u00e7mi\u015f verilerin raporlanmas\u0131 olarak de\u011fil, gelece\u011fe y\u00f6nelik stratejik bir y\u00f6netim arac\u0131 olarak ele al\u0131r. Bu do\u011frultuda i\u015fletmelerin mevcut mali yap\u0131lar\u0131 analiz edilerek, daha verimli ve kontroll\u00fc bir muhasebe sistemi olu\u015fturulmas\u0131 hedeflenir. Vergisel y\u00fck\u00fcml\u00fcl\u00fcklerin do\u011fru planlanmas\u0131, maliyetlerin kontrol alt\u0131na al\u0131nmas\u0131 ve yasal risklerin minimize edilmesi temel \u00f6nceliklerimiz aras\u0131ndad\u0131r.<\/p>\t\t\t\t\t\t\t\t<\/div>\n\t\t<div class=\"elementor-element elementor-element-67e1f969 e-con-full e-flex e-con e-child\" data-id=\"67e1f969\" data-element_type=\"container\" data-e-type=\"container\">\n\t\t\t\t<div class=\"elementor-element elementor-element-42b7b172 elementor-icon-list--layout-traditional elementor-list-item-link-full_width elementor-invisible elementor-widget elementor-widget-icon-list\" data-id=\"42b7b172\" data-element_type=\"widget\" data-e-type=\"widget\" data-settings=\"{&quot;_animation&quot;:&quot;fadeIn&quot;}\" data-widget_type=\"icon-list.default\">\n\t\t\t\t\t\t\t<ul class=\"elementor-icon-list-items\">\n\t\t\t\t\t\t\t<li class=\"elementor-icon-list-item\">\n\t\t\t\t\t\t\t\t\t\t\t<span class=\"elementor-icon-list-icon\">\n\t\t\t\t\t\t\t<svg aria-hidden=\"true\" class=\"e-font-icon-svg e-fas-check-circle\" viewBox=\"0 0 512 512\" xmlns=\"http:\/\/www.w3.org\/2000\/svg\"><path d=\"M504 256c0 136.967-111.033 248-248 248S8 392.967 8 256 119.033 8 256 8s248 111.033 248 248zM227.314 387.314l184-184c6.248-6.248 6.248-16.379 0-22.627l-22.627-22.627c-6.248-6.249-16.379-6.249-22.628 0L216 308.118l-70.059-70.059c-6.248-6.248-16.379-6.248-22.628 0l-22.627 22.627c-6.248 6.248-6.248 16.379 0 22.627l104 104c6.249 6.249 16.379 6.249 22.628.001z\"><\/path><\/svg>\t\t\t\t\t\t<\/span>\n\t\t\t\t\t\t\t\t\t\t<span class=\"elementor-icon-list-text\">Muhasebe sistemlerinin kurulmas\u0131 ve revizyonu<\/span>\n\t\t\t\t\t\t\t\t\t<\/li>\n\t\t\t\t\t\t\t\t<li class=\"elementor-icon-list-item\">\n\t\t\t\t\t\t\t\t\t\t\t<span class=\"elementor-icon-list-icon\">\n\t\t\t\t\t\t\t<svg aria-hidden=\"true\" class=\"e-font-icon-svg e-fas-check-circle\" viewBox=\"0 0 512 512\" xmlns=\"http:\/\/www.w3.org\/2000\/svg\"><path d=\"M504 256c0 136.967-111.033 248-248 248S8 392.967 8 256 119.033 8 256 8s248 111.033 248 248zM227.314 387.314l184-184c6.248-6.248 6.248-16.379 0-22.627l-22.627-22.627c-6.248-6.249-16.379-6.249-22.628 0L216 308.118l-70.059-70.059c-6.248-6.248-16.379-6.248-22.628 0l-22.627 22.627c-6.248 6.248-6.248 16.379 0 22.627l104 104c6.249 6.249 16.379 6.249 22.628.001z\"><\/path><\/svg>\t\t\t\t\t\t<\/span>\n\t\t\t\t\t\t\t\t\t\t<span class=\"elementor-icon-list-text\">Yerli ve yabanc\u0131 ortakl\u0131 \u015firket kurulu\u015flar\u0131<\/span>\n\t\t\t\t\t\t\t\t\t<\/li>\n\t\t\t\t\t\t\t\t<li class=\"elementor-icon-list-item\">\n\t\t\t\t\t\t\t\t\t\t\t<span class=\"elementor-icon-list-icon\">\n\t\t\t\t\t\t\t<svg aria-hidden=\"true\" class=\"e-font-icon-svg e-fas-check-circle\" viewBox=\"0 0 512 512\" xmlns=\"http:\/\/www.w3.org\/2000\/svg\"><path d=\"M504 256c0 136.967-111.033 248-248 248S8 392.967 8 256 119.033 8 256 8s248 111.033 248 248zM227.314 387.314l184-184c6.248-6.248 6.248-16.379 0-22.627l-22.627-22.627c-6.248-6.249-16.379-6.249-22.628 0L216 308.118l-70.059-70.059c-6.248-6.248-16.379-6.248-22.628 0l-22.627 22.627c-6.248 6.248-6.248 16.379 0 22.627l104 104c6.249 6.249 16.379 6.249 22.628.001z\"><\/path><\/svg>\t\t\t\t\t\t<\/span>\n\t\t\t\t\t\t\t\t\t\t<span class=\"elementor-icon-list-text\">Yasal defterlerin mevzuata uygun tutulmas\u0131<\/span>\n\t\t\t\t\t\t\t\t\t<\/li>\n\t\t\t\t\t\t\t\t<li class=\"elementor-icon-list-item\">\n\t\t\t\t\t\t\t\t\t\t\t<span class=\"elementor-icon-list-icon\">\n\t\t\t\t\t\t\t<svg aria-hidden=\"true\" class=\"e-font-icon-svg e-fas-check-circle\" viewBox=\"0 0 512 512\" xmlns=\"http:\/\/www.w3.org\/2000\/svg\"><path d=\"M504 256c0 136.967-111.033 248-248 248S8 392.967 8 256 119.033 8 256 8s248 111.033 248 248zM227.314 387.314l184-184c6.248-6.248 6.248-16.379 0-22.627l-22.627-22.627c-6.248-6.249-16.379-6.249-22.628 0L216 308.118l-70.059-70.059c-6.248-6.248-16.379-6.248-22.628 0l-22.627 22.627c-6.248 6.248-6.248 16.379 0 22.627l104 104c6.249 6.249 16.379 6.249 22.628.001z\"><\/path><\/svg>\t\t\t\t\t\t<\/span>\n\t\t\t\t\t\t\t\t\t\t<span class=\"elementor-icon-list-text\">Vergi beyannamelerinin haz\u0131rlanmas\u0131<\/span>\n\t\t\t\t\t\t\t\t\t<\/li>\n\t\t\t\t\t\t\t\t<li class=\"elementor-icon-list-item\">\n\t\t\t\t\t\t\t\t\t\t\t<span class=\"elementor-icon-list-icon\">\n\t\t\t\t\t\t\t<svg aria-hidden=\"true\" class=\"e-font-icon-svg e-fas-check-circle\" viewBox=\"0 0 512 512\" xmlns=\"http:\/\/www.w3.org\/2000\/svg\"><path d=\"M504 256c0 136.967-111.033 248-248 248S8 392.967 8 256 119.033 8 256 8s248 111.033 248 248zM227.314 387.314l184-184c6.248-6.248 6.248-16.379 0-22.627l-22.627-22.627c-6.248-6.249-16.379-6.249-22.628 0L216 308.118l-70.059-70.059c-6.248-6.248-16.379-6.248-22.628 0l-22.627 22.627c-6.248 6.248-6.248 16.379 0 22.627l104 104c6.249 6.249 16.379 6.249 22.628.001z\"><\/path><\/svg>\t\t\t\t\t\t<\/span>\n\t\t\t\t\t\t\t\t\t\t<span class=\"elementor-icon-list-text\">SGK ve mali mevzuat dan\u0131\u015fmanl\u0131\u011f\u0131<\/span>\n\t\t\t\t\t\t\t\t\t<\/li>\n\t\t\t\t\t\t<\/ul>\n\t\t\t\t\t\t<\/div>\n\t\t\t\t<\/div>\n\t\t\t\t<div class=\"elementor-element elementor-element-13e680d9 elementor-widget-divider--view-line elementor-widget elementor-widget-divider\" data-id=\"13e680d9\" data-element_type=\"widget\" data-e-type=\"widget\" data-widget_type=\"divider.default\">\n\t\t\t\t\t\t\t<div class=\"elementor-divider\">\n\t\t\t<span class=\"elementor-divider-separator\">\n\t\t\t\t\t\t<\/span>\n\t\t<\/div>\n\t\t\t\t\t\t<\/div>\n\t\t<div class=\"elementor-element elementor-element-9f5b7aa e-con-full e-flex e-con e-child\" data-id=\"9f5b7aa\" data-element_type=\"container\" data-e-type=\"container\">\n\t\t\t\t<div class=\"elementor-element elementor-element-10e85bc9 elementor-widget elementor-widget-image\" data-id=\"10e85bc9\" data-element_type=\"widget\" data-e-type=\"widget\" data-widget_type=\"image.default\">\n\t\t\t\t\t\t\t\t\t\t\t\t\t\t\t<img decoding=\"async\" width=\"1600\" height=\"1067\" src=\"https:\/\/eurasiaccounting.com\/wp-content\/uploads\/2026\/01\/G56YAP8a.jpg\" class=\"attachment-full size-full wp-image-71\" alt=\"\" srcset=\"https:\/\/eurasiaccounting.com\/wp-content\/uploads\/2026\/01\/G56YAP8a.jpg 1600w, https:\/\/eurasiaccounting.com\/wp-content\/uploads\/2026\/01\/G56YAP8a-300x200.jpg 300w, https:\/\/eurasiaccounting.com\/wp-content\/uploads\/2026\/01\/G56YAP8a-1024x683.jpg 1024w, https:\/\/eurasiaccounting.com\/wp-content\/uploads\/2026\/01\/G56YAP8a-768x512.jpg 768w, https:\/\/eurasiaccounting.com\/wp-content\/uploads\/2026\/01\/G56YAP8a-1536x1024.jpg 1536w\" sizes=\"(max-width: 1600px) 100vw, 1600px\" \/>\t\t\t\t\t\t\t\t\t\t\t\t\t\t\t<\/div>\n\t\t\t\t<div class=\"elementor-element elementor-element-7ae60228 elementor-widget elementor-widget-image\" data-id=\"7ae60228\" data-element_type=\"widget\" data-e-type=\"widget\" data-widget_type=\"image.default\">\n\t\t\t\t\t\t\t\t\t\t\t\t\t\t\t<img loading=\"lazy\" decoding=\"async\" width=\"1600\" height=\"1067\" src=\"https:\/\/eurasiaccounting.com\/wp-content\/uploads\/2026\/01\/G5T5CRA.jpg\" class=\"attachment-full size-full wp-image-78\" alt=\"\" srcset=\"https:\/\/eurasiaccounting.com\/wp-content\/uploads\/2026\/01\/G5T5CRA.jpg 1600w, https:\/\/eurasiaccounting.com\/wp-content\/uploads\/2026\/01\/G5T5CRA-300x200.jpg 300w, https:\/\/eurasiaccounting.com\/wp-content\/uploads\/2026\/01\/G5T5CRA-1024x683.jpg 1024w, https:\/\/eurasiaccounting.com\/wp-content\/uploads\/2026\/01\/G5T5CRA-768x512.jpg 768w, https:\/\/eurasiaccounting.com\/wp-content\/uploads\/2026\/01\/G5T5CRA-1536x1024.jpg 1536w\" sizes=\"(max-width: 1600px) 100vw, 1600px\" \/>\t\t\t\t\t\t\t\t\t\t\t\t\t\t\t<\/div>\n\t\t\t\t<div class=\"elementor-element elementor-element-6c033058 elementor-widget elementor-widget-image\" data-id=\"6c033058\" data-element_type=\"widget\" data-e-type=\"widget\" data-widget_type=\"image.default\">\n\t\t\t\t\t\t\t\t\t\t\t\t\t\t\t<img loading=\"lazy\" decoding=\"async\" width=\"1600\" height=\"1067\" src=\"https:\/\/eurasiaccounting.com\/wp-content\/uploads\/2026\/01\/EML3J7R.jpg\" class=\"attachment-full size-full wp-image-82\" alt=\"\" srcset=\"https:\/\/eurasiaccounting.com\/wp-content\/uploads\/2026\/01\/EML3J7R.jpg 1600w, https:\/\/eurasiaccounting.com\/wp-content\/uploads\/2026\/01\/EML3J7R-300x200.jpg 300w, https:\/\/eurasiaccounting.com\/wp-content\/uploads\/2026\/01\/EML3J7R-1024x683.jpg 1024w, https:\/\/eurasiaccounting.com\/wp-content\/uploads\/2026\/01\/EML3J7R-768x512.jpg 768w, https:\/\/eurasiaccounting.com\/wp-content\/uploads\/2026\/01\/EML3J7R-1536x1024.jpg 1536w\" sizes=\"(max-width: 1600px) 100vw, 1600px\" \/>\t\t\t\t\t\t\t\t\t\t\t\t\t\t\t<\/div>\n\t\t\t\t<\/div>\n\t\t\t\t<div class=\"elementor-element elementor-element-64e15eb3 elementor-widget elementor-widget-text-editor\" data-id=\"64e15eb3\" data-element_type=\"widget\" data-e-type=\"widget\" data-widget_type=\"text-editor.default\">\n\t\t\t\t\t\t\t\t\t<p data-start=\"2845\" data-end=\"3321\">Muhasebe personelinin bilgi ve yetkinli\u011finin art\u0131r\u0131lmas\u0131, sa\u011fl\u0131kl\u0131 bir mali y\u00f6netimin \u00f6nemli bir par\u00e7as\u0131d\u0131r. Bu kapsamda muhasebe, finans ve mali mevzuat uygulamalar\u0131na ili\u015fkin d\u00fczenli bilgilendirmeler yap\u0131lmakta, yay\u0131mlanan tamimlerle gerekli a\u00e7\u0131klamalar sa\u011flanmaktad\u0131r. EURASIACCOUNTING olarak amac\u0131m\u0131z; i\u015fletmelerin mali tablolar\u0131n\u0131 do\u011fru okuyabilen, karar alma s\u00fcre\u00e7lerinde g\u00fcvenilir muhasebe verilerini etkin \u015fekilde kullanan bir yap\u0131 olu\u015fturmalar\u0131na katk\u0131 sa\u011flamakt\u0131r.<\/p>\t\t\t\t\t\t\t\t<\/div>\n\t\t\t\t<\/div>\n\t\t\t\t<\/div>\n\t\t\t\t\t<\/div>\n\t\t\t\t<\/div>\n\t\t<div class=\"elementor-element elementor-element-11a25cfe e-flex e-con-boxed e-con e-parent\" data-id=\"11a25cfe\" data-element_type=\"container\" data-e-type=\"container\" data-settings=\"{&quot;background_background&quot;:&quot;classic&quot;}\">\n\t\t\t\t\t<div class=\"e-con-inner\">\n\t\t<div class=\"elementor-element elementor-element-48a63377 e-con-full e-flex e-con e-child\" data-id=\"48a63377\" data-element_type=\"container\" data-e-type=\"container\">\n\t\t<div class=\"elementor-element elementor-element-2fbce355 e-con-full e-flex e-con e-child\" data-id=\"2fbce355\" data-element_type=\"container\" data-e-type=\"container\">\n\t\t\t\t<div class=\"elementor-element elementor-element-e8e777f elementor-invisible elementor-widget elementor-widget-heading\" data-id=\"e8e777f\" data-element_type=\"widget\" data-e-type=\"widget\" data-settings=\"{&quot;_animation&quot;:&quot;fadeInLeft&quot;}\" data-widget_type=\"heading.default\">\n\t\t\t\t\t<h2 class=\"elementor-heading-title elementor-size-default\">\u00dccretsiz \u00d6n De\u011ferlendirme Al\u0131n<\/h2>\t\t\t\t<\/div>\n\t\t\t\t<div class=\"elementor-element elementor-element-9bbb074 elementor-widget elementor-widget-text-editor\" data-id=\"9bbb074\" data-element_type=\"widget\" data-e-type=\"widget\" data-widget_type=\"text-editor.default\">\n\t\t\t\t\t\t\t\t\t<p data-start=\"569\" data-end=\"684\">\u0130\u015fletmenizin muhasebe, vergi ve finansal s\u00fcre\u00e7leri hakk\u0131nda \u00f6n analiz yaparak en do\u011fru yol haritas\u0131n\u0131 belirliyoruz.<\/p>\t\t\t\t\t\t\t\t<\/div>\n\t\t\t\t<div class=\"elementor-element elementor-element-8eef8dc animated-slow elementor-tablet-align-center elementor-invisible elementor-widget elementor-widget-button\" data-id=\"8eef8dc\" data-element_type=\"widget\" data-e-type=\"widget\" data-settings=\"{&quot;_animation&quot;:&quot;fadeInDown&quot;,&quot;_animation_delay&quot;:0}\" data-widget_type=\"button.default\">\n\t\t\t\t\t\t\t\t\t\t<a class=\"elementor-button elementor-button-link elementor-size-sm elementor-animation-float\" href=\"https:\/\/eurasiaccounting.com\/iletisim\/\">\n\t\t\t\t\t\t<span class=\"elementor-button-content-wrapper\">\n\t\t\t\t\t\t\t\t\t<span class=\"elementor-button-text\">Dan\u0131\u015fmanl\u0131k Talep Edin<\/span>\n\t\t\t\t\t<\/span>\n\t\t\t\t\t<\/a>\n\t\t\t\t\t\t\t\t<\/div>\n\t\t\t\t<\/div>\n\t\t<div class=\"elementor-element elementor-element-a0dd36e e-con-full e-flex e-con e-child\" data-id=\"a0dd36e\" data-element_type=\"container\" data-e-type=\"container\">\n\t\t\t\t<\/div>\n\t\t\t\t<\/div>\n\t\t\t\t\t<\/div>\n\t\t\t\t<\/div>\n\t\t\t\t<\/div>\n\t\t","protected":false},"excerpt":{"rendered":"<p>Mali M\u00fc\u015favirlik Anasayfa &#8211; Mali M\u00fc\u015favirlik Finansal Kontrol\u00fc Elinize Al\u0131n Do\u011fru muhasebe verileriyle daha g\u00fc\u00e7l\u00fc ve g\u00fcvenli bir mali y\u00f6netim olu\u015fturun. \u00a0 Bize Ula\u015f\u0131n Mali M\u00fc\u015favirlik Hizmeti EURASIACCOUNTING Finansal Y\u00f6netim &amp; Muhasebe \u0130stanbul \/ T\u00fcrkiye \u0130\u015fletmelerin mali yap\u0131lar\u0131n\u0131n sa\u011fl\u0131kl\u0131 ve s\u00fcrd\u00fcr\u00fclebilir \u015fekilde y\u00f6netilebilmesi i\u00e7in muhasebe sistemlerinin do\u011fru kurgulanmas\u0131 b\u00fcy\u00fck \u00f6nem ta\u015f\u0131r. EURASIACCOUNTING olarak; yerli ve [&hellip;]<\/p>\n","protected":false},"author":1,"featured_media":0,"parent":0,"menu_order":0,"comment_status":"closed","ping_status":"closed","template":"elementor_header_footer","meta":{"footnotes":""},"class_list":["post-164","page","type-page","status-publish","hentry"],"_links":{"self":[{"href":"https:\/\/eurasiaccounting.com\/tr\/wp-json\/wp\/v2\/pages\/164","targetHints":{"allow":["GET"]}}],"collection":[{"href":"https:\/\/eurasiaccounting.com\/tr\/wp-json\/wp\/v2\/pages"}],"about":[{"href":"https:\/\/eurasiaccounting.com\/tr\/wp-json\/wp\/v2\/types\/page"}],"author":[{"embeddable":true,"href":"https:\/\/eurasiaccounting.com\/tr\/wp-json\/wp\/v2\/users\/1"}],"replies":[{"embeddable":true,"href":"https:\/\/eurasiaccounting.com\/tr\/wp-json\/wp\/v2\/comments?post=164"}],"version-history":[{"count":16,"href":"https:\/\/eurasiaccounting.com\/tr\/wp-json\/wp\/v2\/pages\/164\/revisions"}],"predecessor-version":[{"id":295,"href":"https:\/\/eurasiaccounting.com\/tr\/wp-json\/wp\/v2\/pages\/164\/revisions\/295"}],"wp:attachment":[{"href":"https:\/\/eurasiaccounting.com\/tr\/wp-json\/wp\/v2\/media?parent=164"}],"curies":[{"name":"wp","href":"https:\/\/api.w.org\/{rel}","templated":true}]}}